{"id":74,"date":"2025-05-10T17:21:57","date_gmt":"2025-05-10T17:21:57","guid":{"rendered":"https:\/\/laurapalonen.fi\/?page_id=74"},"modified":"2025-07-29T08:01:04","modified_gmt":"2025-07-29T08:01:04","slug":"rentouttava-vyohyketerapia","status":"publish","type":"page","link":"https:\/\/laurapalonen.fi\/index.php\/rentouttava-vyohyketerapia\/","title":{"rendered":"Rentouttava vy\u00f6hyketerapia"},"content":{"rendered":"<style>.elementor-74 .elementor-element.elementor-element-8771800{--display:flex;}.elementor-widget-text-editor{font-family:var( --e-global-typography-text-font-family ), Sans-serif;font-weight:var( --e-global-typography-text-font-weight );color:var( --e-global-color-text );}.elementor-widget-text-editor.elementor-drop-cap-view-stacked .elementor-drop-cap{background-color:var( --e-global-color-primary );}.elementor-widget-text-editor.elementor-drop-cap-view-framed .elementor-drop-cap, .elementor-widget-text-editor.elementor-drop-cap-view-default .elementor-drop-cap{color:var( --e-global-color-primary );border-color:var( --e-global-color-primary );}.elementor-74 .elementor-element.elementor-element-ce5f32f{--display:flex;--flex-direction:column;--container-widget-width:100%;--container-widget-height:initial;--container-widget-flex-grow:0;--container-widget-align-self:initial;--flex-wrap-mobile:wrap;}.elementor-widget-image .widget-image-caption{color:var( --e-global-color-text );font-family:var( --e-global-typography-text-font-family ), Sans-serif;font-weight:var( --e-global-typography-text-font-weight );}.elementor-74 .elementor-element.elementor-element-ce360e6{--display:flex;--flex-direction:column;--container-widget-width:100%;--container-widget-height:initial;--container-widget-flex-grow:0;--container-widget-align-self:initial;--flex-wrap-mobile:wrap;}.elementor-widget-button .elementor-button{background-color:var( --e-global-color-accent );font-family:var( --e-global-typography-accent-font-family ), Sans-serif;font-weight:var( --e-global-typography-accent-font-weight );}.elementor-74 .elementor-element.elementor-element-46c0a8b .elementor-button{background-color:#FF4FF2;text-shadow:-29px -100px 11px rgba(0,0,0,0.3);}<\/style>\t\t<div data-elementor-type=\"wp-page\" data-elementor-id=\"74\" class=\"elementor elementor-74\">\n\t\t\t\t<div class=\"elementor-element elementor-element-8771800 e-flex e-con-boxed e-con e-parent\" data-id=\"8771800\" data-element_type=\"container\">\n\t\t\t\t\t<div class=\"e-con-inner\">\n\t\t\t\t<div class=\"elementor-element elementor-element-340bff3 elementor-widget elementor-widget-text-editor\" data-id=\"340bff3\" data-element_type=\"widget\" data-widget_type=\"text-editor.default\">\n\t\t\t\t<div class=\"elementor-widget-container\">\n\t\t\t\t\t\t\t\t\t<div class=\"wnd-align-center\"><strong><span class=\"wsw-25\">Rentouttava vy\u00f6hyketerapia:<\/span>\u00a0<\/strong><\/div><div class=\"wnd-align-center\">Sis\u00e4lt\u00e4\u00e4 haastattelun sek\u00e4 rentouttavan ja immuniteettia vahvistavan kehohoidon. Hoito tasapainoittaa hormonitoimintaa sek\u00e4 rauhoittaa hermostoa. T\u00e4m\u00e4 on oiva hoitokeino, jos on haastetta rauhoittua ja rentoutua. Joskus kiire ja stressi menev\u00e4t niin pitk\u00e4lle, ett\u00e4 on haastavaa saada rauha ja rentous en\u00e4\u00e4 itsehoitokeinoin.\u00a0<\/div><div class=\"wnd-align-center\">Rentouttava vy\u00f6hyketerapia perustuu vy\u00f6hykeratahierontaan ja helpottaa kehon j\u00e4nnitystiloja sek\u00e4 tasapainottaa kehon toimintoja.<\/div>\t\t\t\t\t\t\t\t<\/div>\n\t\t\t\t<\/div>\n\t\t\t\t\t<\/div>\n\t\t\t\t<\/div>\n\t\t<div class=\"elementor-element elementor-element-ce5f32f e-flex e-con-boxed e-con e-parent\" data-id=\"ce5f32f\" data-element_type=\"container\">\n\t\t\t\t\t<div class=\"e-con-inner\">\n\t\t\t\t<div class=\"elementor-element elementor-element-296175a elementor-widget elementor-widget-image\" data-id=\"296175a\" data-element_type=\"widget\" data-widget_type=\"image.default\">\n\t\t\t\t<div class=\"elementor-widget-container\">\n\t\t\t\t\t\t\t\t\t\t\t\t\t\t\t<img fetchpriority=\"high\" decoding=\"async\" width=\"640\" height=\"640\" src=\"https:\/\/laurapalonen.fi\/wp-content\/uploads\/2025\/06\/IMG_20190319_083333_276.jpg\" class=\"attachment-large size-large wp-image-107\" alt=\"\" srcset=\"https:\/\/laurapalonen.fi\/wp-content\/uploads\/2025\/06\/IMG_20190319_083333_276.jpg 1019w, https:\/\/laurapalonen.fi\/wp-content\/uploads\/2025\/06\/IMG_20190319_083333_276-300x300.jpg 300w, https:\/\/laurapalonen.fi\/wp-content\/uploads\/2025\/06\/IMG_20190319_083333_276-150x150.jpg 150w, https:\/\/laurapalonen.fi\/wp-content\/uploads\/2025\/06\/IMG_20190319_083333_276-768x768.jpg 768w\" sizes=\"(max-width: 640px) 100vw, 640px\" \/>\t\t\t\t\t\t\t\t\t\t\t\t\t\t\t<\/div>\n\t\t\t\t<\/div>\n\t\t\t\t\t<\/div>\n\t\t\t\t<\/div>\n\t\t<div class=\"elementor-element elementor-element-ce360e6 e-flex e-con-boxed e-con e-parent\" data-id=\"ce360e6\" data-element_type=\"container\">\n\t\t\t\t\t<div class=\"e-con-inner\">\n\t\t\t\t<div class=\"elementor-element elementor-element-46c0a8b elementor-align-center elementor-widget elementor-widget-button\" data-id=\"46c0a8b\" data-element_type=\"widget\" data-widget_type=\"button.default\">\n\t\t\t\t<div class=\"elementor-widget-container\">\n\t\t\t\t\t\t\t\t\t<div class=\"elementor-button-wrapper\">\n\t\t\t\t\t<a class=\"elementor-button elementor-button-link elementor-size-sm\" href=\"\">\n\t\t\t\t\t\t<span class=\"elementor-button-content-wrapper\">\n\t\t\t\t\t\t\t\t\t<span class=\"elementor-button-text\">Ajanvaraukseen<\/span>\n\t\t\t\t\t<\/span>\n\t\t\t\t\t<\/a>\n\t\t\t\t<\/div>\n\t\t\t\t\t\t\t\t<\/div>\n\t\t\t\t<\/div>\n\t\t\t\t\t<\/div>\n\t\t\t\t<\/div>\n\t\t\t\t<\/div>\n\t\t","protected":false},"excerpt":{"rendered":"<p>Rentouttava vy\u00f6hyketerapia:\u00a0Sis\u00e4lt\u00e4\u00e4 haastattelun sek\u00e4 rentouttavan ja immuniteettia vahvistavan kehohoidon. Hoito tasapainoittaa hormonitoimintaa sek\u00e4 rauhoittaa hermostoa. T\u00e4m\u00e4 on oiva hoitokeino, jos on haastetta rauhoittua ja rentoutua. Joskus kiire ja stressi menev\u00e4t niin pitk\u00e4lle, ett\u00e4 on haastavaa saada rauha ja rentous en\u00e4\u00e4 itsehoitokeinoin.\u00a0Rentouttava vy\u00f6hyketerapia perustuu vy\u00f6hykeratahierontaan ja helpottaa kehon j\u00e4nnitystiloja sek\u00e4 tasapainottaa kehon toimintoja. Ajanvaraukseen<\/p>\n","protected":false},"author":1,"featured_media":0,"parent":0,"menu_order":0,"comment_status":"closed","ping_status":"closed","template":"","meta":{"footnotes":""},"class_list":["post-74","page","type-page","status-publish","hentry"],"yoast_head":"<!-- This site is optimized with the Yoast SEO plugin v26.4 - https:\/\/yoast.com\/wordpress\/plugins\/seo\/ -->\n<title>Rentouttava vy\u00f6hyketerapia - Laura Palonen - Feeling Me<\/title>\n<meta name=\"robots\" content=\"index, follow, max-snippet:-1, max-image-preview:large, max-video-preview:-1\" \/>\n<link rel=\"canonical\" href=\"https:\/\/laurapalonen.fi\/index.php\/rentouttava-vyohyketerapia\/\" \/>\n<meta property=\"og:locale\" content=\"fi_FI\" \/>\n<meta property=\"og:type\" content=\"article\" \/>\n<meta property=\"og:title\" content=\"Rentouttava vy\u00f6hyketerapia - Laura Palonen - Feeling Me\" \/>\n<meta property=\"og:description\" content=\"Rentouttava vy\u00f6hyketerapia:\u00a0Sis\u00e4lt\u00e4\u00e4 haastattelun sek\u00e4 rentouttavan ja immuniteettia vahvistavan kehohoidon. Hoito tasapainoittaa hormonitoimintaa sek\u00e4 rauhoittaa hermostoa. T\u00e4m\u00e4 on oiva hoitokeino, jos on haastetta rauhoittua ja rentoutua. Joskus kiire ja stressi menev\u00e4t niin pitk\u00e4lle, ett\u00e4 on haastavaa saada rauha ja rentous en\u00e4\u00e4 itsehoitokeinoin.\u00a0Rentouttava vy\u00f6hyketerapia perustuu vy\u00f6hykeratahierontaan ja helpottaa kehon j\u00e4nnitystiloja sek\u00e4 tasapainottaa kehon toimintoja. Ajanvaraukseen\" \/>\n<meta property=\"og:url\" content=\"https:\/\/laurapalonen.fi\/index.php\/rentouttava-vyohyketerapia\/\" \/>\n<meta property=\"og:site_name\" content=\"Laura Palonen - Feeling Me\" \/>\n<meta property=\"article:modified_time\" content=\"2025-07-29T08:01:04+00:00\" \/>\n<meta property=\"og:image\" content=\"https:\/\/laurapalonen.fi\/wp-content\/uploads\/2025\/06\/IMG_20190319_083333_276.jpg\" \/>\n\t<meta property=\"og:image:width\" content=\"1019\" \/>\n\t<meta property=\"og:image:height\" content=\"1019\" \/>\n\t<meta property=\"og:image:type\" content=\"image\/jpeg\" \/>\n<meta name=\"twitter:card\" content=\"summary_large_image\" \/>\n<meta name=\"twitter:label1\" content=\"Arvioitu lukuaika\" \/>\n\t<meta name=\"twitter:data1\" content=\"1 minuutti\" \/>\n<script type=\"application\/ld+json\" class=\"yoast-schema-graph\">{\"@context\":\"https:\/\/schema.org\",\"@graph\":[{\"@type\":\"WebPage\",\"@id\":\"https:\/\/laurapalonen.fi\/index.php\/rentouttava-vyohyketerapia\/\",\"url\":\"https:\/\/laurapalonen.fi\/index.php\/rentouttava-vyohyketerapia\/\",\"name\":\"Rentouttava vy\u00f6hyketerapia - Laura Palonen - Feeling Me\",\"isPartOf\":{\"@id\":\"https:\/\/laurapalonen.fi\/#website\"},\"primaryImageOfPage\":{\"@id\":\"https:\/\/laurapalonen.fi\/index.php\/rentouttava-vyohyketerapia\/#primaryimage\"},\"image\":{\"@id\":\"https:\/\/laurapalonen.fi\/index.php\/rentouttava-vyohyketerapia\/#primaryimage\"},\"thumbnailUrl\":\"https:\/\/laurapalonen.fi\/wp-content\/uploads\/2025\/06\/IMG_20190319_083333_276.jpg\",\"datePublished\":\"2025-05-10T17:21:57+00:00\",\"dateModified\":\"2025-07-29T08:01:04+00:00\",\"breadcrumb\":{\"@id\":\"https:\/\/laurapalonen.fi\/index.php\/rentouttava-vyohyketerapia\/#breadcrumb\"},\"inLanguage\":\"fi\",\"potentialAction\":[{\"@type\":\"ReadAction\",\"target\":[\"https:\/\/laurapalonen.fi\/index.php\/rentouttava-vyohyketerapia\/\"]}]},{\"@type\":\"ImageObject\",\"inLanguage\":\"fi\",\"@id\":\"https:\/\/laurapalonen.fi\/index.php\/rentouttava-vyohyketerapia\/#primaryimage\",\"url\":\"https:\/\/laurapalonen.fi\/wp-content\/uploads\/2025\/06\/IMG_20190319_083333_276.jpg\",\"contentUrl\":\"https:\/\/laurapalonen.fi\/wp-content\/uploads\/2025\/06\/IMG_20190319_083333_276.jpg\",\"width\":1019,\"height\":1019},{\"@type\":\"BreadcrumbList\",\"@id\":\"https:\/\/laurapalonen.fi\/index.php\/rentouttava-vyohyketerapia\/#breadcrumb\",\"itemListElement\":[{\"@type\":\"ListItem\",\"position\":1,\"name\":\"Home\",\"item\":\"https:\/\/laurapalonen.fi\/\"},{\"@type\":\"ListItem\",\"position\":2,\"name\":\"Rentouttava vy\u00f6hyketerapia\"}]},{\"@type\":\"WebSite\",\"@id\":\"https:\/\/laurapalonen.fi\/#website\",\"url\":\"https:\/\/laurapalonen.fi\/\",\"name\":\"Laura Palonen - Feeling Me\",\"description\":\"Tunnevy\u00f6hyketerapia, vy\u00f6hyketerapia, odottavan \u00e4idin monipuoliset palvelut | Varsinais-Suomi, Raisio\",\"publisher\":{\"@id\":\"https:\/\/laurapalonen.fi\/#organization\"},\"potentialAction\":[{\"@type\":\"SearchAction\",\"target\":{\"@type\":\"EntryPoint\",\"urlTemplate\":\"https:\/\/laurapalonen.fi\/?s={search_term_string}\"},\"query-input\":{\"@type\":\"PropertyValueSpecification\",\"valueRequired\":true,\"valueName\":\"search_term_string\"}}],\"inLanguage\":\"fi\"},{\"@type\":\"Organization\",\"@id\":\"https:\/\/laurapalonen.fi\/#organization\",\"name\":\"Laura Palonen - Feeling Me\",\"url\":\"https:\/\/laurapalonen.fi\/\",\"logo\":{\"@type\":\"ImageObject\",\"inLanguage\":\"fi\",\"@id\":\"https:\/\/laurapalonen.fi\/#\/schema\/logo\/image\/\",\"url\":\"https:\/\/laurapalonen.fi\/wp-content\/uploads\/2025\/05\/cropped-Laura-Palonen-Feeling-Me-taustaton-kapea-musta-scaled-1.png\",\"contentUrl\":\"https:\/\/laurapalonen.fi\/wp-content\/uploads\/2025\/05\/cropped-Laura-Palonen-Feeling-Me-taustaton-kapea-musta-scaled-1.png\",\"width\":2560,\"height\":669,\"caption\":\"Laura Palonen - Feeling Me\"},\"image\":{\"@id\":\"https:\/\/laurapalonen.fi\/#\/schema\/logo\/image\/\"}}]}<\/script>\n<!-- \/ Yoast SEO plugin. -->","yoast_head_json":{"title":"Rentouttava vy\u00f6hyketerapia - Laura Palonen - Feeling Me","robots":{"index":"index","follow":"follow","max-snippet":"max-snippet:-1","max-image-preview":"max-image-preview:large","max-video-preview":"max-video-preview:-1"},"canonical":"https:\/\/laurapalonen.fi\/index.php\/rentouttava-vyohyketerapia\/","og_locale":"fi_FI","og_type":"article","og_title":"Rentouttava vy\u00f6hyketerapia - Laura Palonen - Feeling Me","og_description":"Rentouttava vy\u00f6hyketerapia:\u00a0Sis\u00e4lt\u00e4\u00e4 haastattelun sek\u00e4 rentouttavan ja immuniteettia vahvistavan kehohoidon. Hoito tasapainoittaa hormonitoimintaa sek\u00e4 rauhoittaa hermostoa. T\u00e4m\u00e4 on oiva hoitokeino, jos on haastetta rauhoittua ja rentoutua. Joskus kiire ja stressi menev\u00e4t niin pitk\u00e4lle, ett\u00e4 on haastavaa saada rauha ja rentous en\u00e4\u00e4 itsehoitokeinoin.\u00a0Rentouttava vy\u00f6hyketerapia perustuu vy\u00f6hykeratahierontaan ja helpottaa kehon j\u00e4nnitystiloja sek\u00e4 tasapainottaa kehon toimintoja. Ajanvaraukseen","og_url":"https:\/\/laurapalonen.fi\/index.php\/rentouttava-vyohyketerapia\/","og_site_name":"Laura Palonen - Feeling Me","article_modified_time":"2025-07-29T08:01:04+00:00","og_image":[{"width":1019,"height":1019,"url":"https:\/\/laurapalonen.fi\/wp-content\/uploads\/2025\/06\/IMG_20190319_083333_276.jpg","type":"image\/jpeg"}],"twitter_card":"summary_large_image","twitter_misc":{"Arvioitu lukuaika":"1 minuutti"},"schema":{"@context":"https:\/\/schema.org","@graph":[{"@type":"WebPage","@id":"https:\/\/laurapalonen.fi\/index.php\/rentouttava-vyohyketerapia\/","url":"https:\/\/laurapalonen.fi\/index.php\/rentouttava-vyohyketerapia\/","name":"Rentouttava vy\u00f6hyketerapia - Laura Palonen - Feeling Me","isPartOf":{"@id":"https:\/\/laurapalonen.fi\/#website"},"primaryImageOfPage":{"@id":"https:\/\/laurapalonen.fi\/index.php\/rentouttava-vyohyketerapia\/#primaryimage"},"image":{"@id":"https:\/\/laurapalonen.fi\/index.php\/rentouttava-vyohyketerapia\/#primaryimage"},"thumbnailUrl":"https:\/\/laurapalonen.fi\/wp-content\/uploads\/2025\/06\/IMG_20190319_083333_276.jpg","datePublished":"2025-05-10T17:21:57+00:00","dateModified":"2025-07-29T08:01:04+00:00","breadcrumb":{"@id":"https:\/\/laurapalonen.fi\/index.php\/rentouttava-vyohyketerapia\/#breadcrumb"},"inLanguage":"fi","potentialAction":[{"@type":"ReadAction","target":["https:\/\/laurapalonen.fi\/index.php\/rentouttava-vyohyketerapia\/"]}]},{"@type":"ImageObject","inLanguage":"fi","@id":"https:\/\/laurapalonen.fi\/index.php\/rentouttava-vyohyketerapia\/#primaryimage","url":"https:\/\/laurapalonen.fi\/wp-content\/uploads\/2025\/06\/IMG_20190319_083333_276.jpg","contentUrl":"https:\/\/laurapalonen.fi\/wp-content\/uploads\/2025\/06\/IMG_20190319_083333_276.jpg","width":1019,"height":1019},{"@type":"BreadcrumbList","@id":"https:\/\/laurapalonen.fi\/index.php\/rentouttava-vyohyketerapia\/#breadcrumb","itemListElement":[{"@type":"ListItem","position":1,"name":"Home","item":"https:\/\/laurapalonen.fi\/"},{"@type":"ListItem","position":2,"name":"Rentouttava vy\u00f6hyketerapia"}]},{"@type":"WebSite","@id":"https:\/\/laurapalonen.fi\/#website","url":"https:\/\/laurapalonen.fi\/","name":"Laura Palonen - Feeling Me","description":"Tunnevy\u00f6hyketerapia, vy\u00f6hyketerapia, odottavan \u00e4idin monipuoliset palvelut | Varsinais-Suomi, Raisio","publisher":{"@id":"https:\/\/laurapalonen.fi\/#organization"},"potentialAction":[{"@type":"SearchAction","target":{"@type":"EntryPoint","urlTemplate":"https:\/\/laurapalonen.fi\/?s={search_term_string}"},"query-input":{"@type":"PropertyValueSpecification","valueRequired":true,"valueName":"search_term_string"}}],"inLanguage":"fi"},{"@type":"Organization","@id":"https:\/\/laurapalonen.fi\/#organization","name":"Laura Palonen - Feeling Me","url":"https:\/\/laurapalonen.fi\/","logo":{"@type":"ImageObject","inLanguage":"fi","@id":"https:\/\/laurapalonen.fi\/#\/schema\/logo\/image\/","url":"https:\/\/laurapalonen.fi\/wp-content\/uploads\/2025\/05\/cropped-Laura-Palonen-Feeling-Me-taustaton-kapea-musta-scaled-1.png","contentUrl":"https:\/\/laurapalonen.fi\/wp-content\/uploads\/2025\/05\/cropped-Laura-Palonen-Feeling-Me-taustaton-kapea-musta-scaled-1.png","width":2560,"height":669,"caption":"Laura Palonen - Feeling Me"},"image":{"@id":"https:\/\/laurapalonen.fi\/#\/schema\/logo\/image\/"}}]}},"_links":{"self":[{"href":"https:\/\/laurapalonen.fi\/index.php\/wp-json\/wp\/v2\/pages\/74","targetHints":{"allow":["GET"]}}],"collection":[{"href":"https:\/\/laurapalonen.fi\/index.php\/wp-json\/wp\/v2\/pages"}],"about":[{"href":"https:\/\/laurapalonen.fi\/index.php\/wp-json\/wp\/v2\/types\/page"}],"author":[{"embeddable":true,"href":"https:\/\/laurapalonen.fi\/index.php\/wp-json\/wp\/v2\/users\/1"}],"replies":[{"embeddable":true,"href":"https:\/\/laurapalonen.fi\/index.php\/wp-json\/wp\/v2\/comments?post=74"}],"version-history":[{"count":7,"href":"https:\/\/laurapalonen.fi\/index.php\/wp-json\/wp\/v2\/pages\/74\/revisions"}],"predecessor-version":[{"id":276,"href":"https:\/\/laurapalonen.fi\/index.php\/wp-json\/wp\/v2\/pages\/74\/revisions\/276"}],"wp:attachment":[{"href":"https:\/\/laurapalonen.fi\/index.php\/wp-json\/wp\/v2\/media?parent=74"}],"curies":[{"name":"wp","href":"https:\/\/api.w.org\/{rel}","templated":true}]}}