{"id":71,"date":"2025-05-10T17:21:47","date_gmt":"2025-05-10T17:21:47","guid":{"rendered":"https:\/\/laurapalonen.fi\/?page_id=71"},"modified":"2025-07-29T08:00:13","modified_gmt":"2025-07-29T08:00:13","slug":"tunnevyohyketerapia-tvt","status":"publish","type":"page","link":"https:\/\/laurapalonen.fi\/index.php\/tunnevyohyketerapia-tvt\/","title":{"rendered":"Tunnevy\u00f6hyketerapia TVT\u00ae"},"content":{"rendered":"<style>.elementor-71 .elementor-element.elementor-element-fd39e3d{--display:flex;--flex-direction:column;--container-widget-width:100%;--container-widget-height:initial;--container-widget-flex-grow:0;--container-widget-align-self:initial;--flex-wrap-mobile:wrap;}.elementor-widget-text-editor{font-family:var( --e-global-typography-text-font-family ), Sans-serif;font-weight:var( --e-global-typography-text-font-weight );color:var( --e-global-color-text );}.elementor-widget-text-editor.elementor-drop-cap-view-stacked .elementor-drop-cap{background-color:var( --e-global-color-primary );}.elementor-widget-text-editor.elementor-drop-cap-view-framed .elementor-drop-cap, .elementor-widget-text-editor.elementor-drop-cap-view-default .elementor-drop-cap{color:var( --e-global-color-primary );border-color:var( --e-global-color-primary );}.elementor-71 .elementor-element.elementor-element-b7f0781{--display:flex;--flex-direction:column;--container-widget-width:100%;--container-widget-height:initial;--container-widget-flex-grow:0;--container-widget-align-self:initial;--flex-wrap-mobile:wrap;}.elementor-widget-image .widget-image-caption{color:var( --e-global-color-text );font-family:var( --e-global-typography-text-font-family ), Sans-serif;font-weight:var( --e-global-typography-text-font-weight );}.elementor-71 .elementor-element.elementor-element-736a869{--display:flex;}.elementor-widget-button .elementor-button{background-color:var( --e-global-color-accent );font-family:var( --e-global-typography-accent-font-family ), Sans-serif;font-weight:var( --e-global-typography-accent-font-weight );}.elementor-71 .elementor-element.elementor-element-b448398 .elementor-button{background-color:#F949FF;}<\/style>\t\t<div data-elementor-type=\"wp-page\" data-elementor-id=\"71\" class=\"elementor elementor-71\">\n\t\t\t\t<div class=\"elementor-element elementor-element-fd39e3d e-flex e-con-boxed e-con e-parent\" data-id=\"fd39e3d\" data-element_type=\"container\">\n\t\t\t\t\t<div class=\"e-con-inner\">\n\t\t\t\t<div class=\"elementor-element elementor-element-daed6a7 elementor-widget elementor-widget-text-editor\" data-id=\"daed6a7\" data-element_type=\"widget\" data-widget_type=\"text-editor.default\">\n\t\t\t\t<div class=\"elementor-widget-container\">\n\t\t\t\t\t\t\t\t\t<div class=\"wnd-align-center\"><span class=\"wsw-25\"><strong>Tunnevy\u00f6hyketerapia:<\/strong><\/span>\u00a0<\/div><div class=\"wnd-align-center\">Sis\u00e4lt\u00e4\u00e4 el\u00e4m\u00e4nkaarihaastattelun sek\u00e4 kehohoidon.<\/div><div class=\"wnd-align-center\">Tunnevy\u00f6hyketerapia on tunnetraumojen purkamiseen keskittyv\u00e4 koko kehon vy\u00f6hyketerapia.<\/div><div class=\"wnd-align-center\">Tunnevy\u00f6hyketerapia perustuu vy\u00f6hykeratahierontaan ja kehossa olevien kipupisteiden hoitoon. Vy\u00f6hyketerapia helpottaa mentaalisia (mm. identiteetti), psyykkisi\u00e4 (mm. ahdistus, masennus, uniongelmat) ja fyysisi\u00e4 oireita (mm. p\u00e4\u00e4ns\u00e4rky, nivelvaivat, niska- ja hartias\u00e4ryt, vatsaongelmat). Vy\u00f6hyketerapiahoito sopii kaikenik\u00e4isille joko yksitt\u00e4isin\u00e4 hoitokertoina tai useamman kerran sarjoina. Tunnevy\u00f6hyketerapiassa hoitov\u00e4li on yleens\u00e4 3-5 viikkoa, akuuteissa vaivoissa 1-2 viikkoa. Hoidon esteen\u00e4 ovat sy\u00f6p\u00e4sairaus, elinsiirr\u00e4nn\u00e4inen, vaikeat mielenterveysongelmat ja raskauden ensimm\u00e4iset 3 kk.<\/div>\t\t\t\t\t\t\t\t<\/div>\n\t\t\t\t<\/div>\n\t\t\t\t\t<\/div>\n\t\t\t\t<\/div>\n\t\t<div class=\"elementor-element elementor-element-b7f0781 e-flex e-con-boxed e-con e-parent\" data-id=\"b7f0781\" data-element_type=\"container\">\n\t\t\t\t\t<div class=\"e-con-inner\">\n\t\t\t\t<div class=\"elementor-element elementor-element-738877d elementor-widget elementor-widget-image\" data-id=\"738877d\" data-element_type=\"widget\" data-widget_type=\"image.default\">\n\t\t\t\t<div class=\"elementor-widget-container\">\n\t\t\t\t\t\t\t\t\t\t\t\t\t\t\t<img fetchpriority=\"high\" decoding=\"async\" width=\"640\" height=\"640\" src=\"https:\/\/laurapalonen.fi\/wp-content\/uploads\/2025\/06\/IMG_20190318_091907_882-1024x1024.jpg\" class=\"attachment-large size-large wp-image-112\" alt=\"\" srcset=\"https:\/\/laurapalonen.fi\/wp-content\/uploads\/2025\/06\/IMG_20190318_091907_882-1024x1024.jpg 1024w, https:\/\/laurapalonen.fi\/wp-content\/uploads\/2025\/06\/IMG_20190318_091907_882-300x300.jpg 300w, https:\/\/laurapalonen.fi\/wp-content\/uploads\/2025\/06\/IMG_20190318_091907_882-150x150.jpg 150w, https:\/\/laurapalonen.fi\/wp-content\/uploads\/2025\/06\/IMG_20190318_091907_882-768x768.jpg 768w, https:\/\/laurapalonen.fi\/wp-content\/uploads\/2025\/06\/IMG_20190318_091907_882.jpg 1500w\" sizes=\"(max-width: 640px) 100vw, 640px\" \/>\t\t\t\t\t\t\t\t\t\t\t\t\t\t\t<\/div>\n\t\t\t\t<\/div>\n\t\t\t\t\t<\/div>\n\t\t\t\t<\/div>\n\t\t<div class=\"elementor-element elementor-element-736a869 e-flex e-con-boxed e-con e-parent\" data-id=\"736a869\" data-element_type=\"container\">\n\t\t\t\t\t<div class=\"e-con-inner\">\n\t\t\t\t<div class=\"elementor-element elementor-element-b448398 elementor-align-center elementor-widget elementor-widget-button\" data-id=\"b448398\" data-element_type=\"widget\" data-widget_type=\"button.default\">\n\t\t\t\t<div class=\"elementor-widget-container\">\n\t\t\t\t\t\t\t\t\t<div class=\"elementor-button-wrapper\">\n\t\t\t\t\t<a class=\"elementor-button elementor-button-link elementor-size-sm\" href=\"\">\n\t\t\t\t\t\t<span class=\"elementor-button-content-wrapper\">\n\t\t\t\t\t\t\t\t\t<span class=\"elementor-button-text\">Ajanvaraukseen<\/span>\n\t\t\t\t\t<\/span>\n\t\t\t\t\t<\/a>\n\t\t\t\t<\/div>\n\t\t\t\t\t\t\t\t<\/div>\n\t\t\t\t<\/div>\n\t\t\t\t\t<\/div>\n\t\t\t\t<\/div>\n\t\t\t\t<\/div>\n\t\t","protected":false},"excerpt":{"rendered":"<p>Tunnevy\u00f6hyketerapia:\u00a0Sis\u00e4lt\u00e4\u00e4 el\u00e4m\u00e4nkaarihaastattelun sek\u00e4 kehohoidon.Tunnevy\u00f6hyketerapia on tunnetraumojen purkamiseen keskittyv\u00e4 koko kehon vy\u00f6hyketerapia.Tunnevy\u00f6hyketerapia perustuu vy\u00f6hykeratahierontaan ja kehossa olevien kipupisteiden hoitoon. Vy\u00f6hyketerapia helpottaa mentaalisia (mm. identiteetti), psyykkisi\u00e4 (mm. ahdistus, masennus, uniongelmat) ja fyysisi\u00e4 oireita (mm. p\u00e4\u00e4ns\u00e4rky, nivelvaivat, niska- ja hartias\u00e4ryt, vatsaongelmat). Vy\u00f6hyketerapiahoito sopii kaikenik\u00e4isille joko yksitt\u00e4isin\u00e4 hoitokertoina tai useamman kerran sarjoina. Tunnevy\u00f6hyketerapiassa hoitov\u00e4li on yleens\u00e4 3-5 viikkoa, akuuteissa [&hellip;]<\/p>\n","protected":false},"author":1,"featured_media":0,"parent":0,"menu_order":0,"comment_status":"closed","ping_status":"closed","template":"","meta":{"footnotes":""},"class_list":["post-71","page","type-page","status-publish","hentry"],"yoast_head":"<!-- This site is optimized with the Yoast SEO plugin v26.4 - https:\/\/yoast.com\/wordpress\/plugins\/seo\/ -->\n<title>Tunnevy\u00f6hyketerapia TVT\u00ae - Laura Palonen - Feeling Me<\/title>\n<meta name=\"robots\" content=\"index, follow, max-snippet:-1, max-image-preview:large, max-video-preview:-1\" \/>\n<link rel=\"canonical\" href=\"https:\/\/laurapalonen.fi\/index.php\/tunnevyohyketerapia-tvt\/\" \/>\n<meta property=\"og:locale\" content=\"fi_FI\" \/>\n<meta property=\"og:type\" content=\"article\" \/>\n<meta property=\"og:title\" content=\"Tunnevy\u00f6hyketerapia TVT\u00ae - Laura Palonen - Feeling Me\" \/>\n<meta property=\"og:description\" content=\"Tunnevy\u00f6hyketerapia:\u00a0Sis\u00e4lt\u00e4\u00e4 el\u00e4m\u00e4nkaarihaastattelun sek\u00e4 kehohoidon.Tunnevy\u00f6hyketerapia on tunnetraumojen purkamiseen keskittyv\u00e4 koko kehon vy\u00f6hyketerapia.Tunnevy\u00f6hyketerapia perustuu vy\u00f6hykeratahierontaan ja kehossa olevien kipupisteiden hoitoon. Vy\u00f6hyketerapia helpottaa mentaalisia (mm. identiteetti), psyykkisi\u00e4 (mm. ahdistus, masennus, uniongelmat) ja fyysisi\u00e4 oireita (mm. p\u00e4\u00e4ns\u00e4rky, nivelvaivat, niska- ja hartias\u00e4ryt, vatsaongelmat). Vy\u00f6hyketerapiahoito sopii kaikenik\u00e4isille joko yksitt\u00e4isin\u00e4 hoitokertoina tai useamman kerran sarjoina. Tunnevy\u00f6hyketerapiassa hoitov\u00e4li on yleens\u00e4 3-5 viikkoa, akuuteissa [&hellip;]\" \/>\n<meta property=\"og:url\" content=\"https:\/\/laurapalonen.fi\/index.php\/tunnevyohyketerapia-tvt\/\" \/>\n<meta property=\"og:site_name\" content=\"Laura Palonen - Feeling Me\" \/>\n<meta property=\"article:modified_time\" content=\"2025-07-29T08:00:13+00:00\" \/>\n<meta property=\"og:image\" content=\"https:\/\/laurapalonen.fi\/wp-content\/uploads\/2025\/06\/IMG_20190318_091907_882.jpg\" \/>\n\t<meta property=\"og:image:width\" content=\"1500\" \/>\n\t<meta property=\"og:image:height\" content=\"1500\" \/>\n\t<meta property=\"og:image:type\" content=\"image\/jpeg\" \/>\n<meta name=\"twitter:card\" content=\"summary_large_image\" \/>\n<meta name=\"twitter:label1\" content=\"Arvioitu lukuaika\" \/>\n\t<meta name=\"twitter:data1\" content=\"1 minuutti\" \/>\n<script type=\"application\/ld+json\" class=\"yoast-schema-graph\">{\"@context\":\"https:\/\/schema.org\",\"@graph\":[{\"@type\":\"WebPage\",\"@id\":\"https:\/\/laurapalonen.fi\/index.php\/tunnevyohyketerapia-tvt\/\",\"url\":\"https:\/\/laurapalonen.fi\/index.php\/tunnevyohyketerapia-tvt\/\",\"name\":\"Tunnevy\u00f6hyketerapia TVT\u00ae - Laura Palonen - Feeling Me\",\"isPartOf\":{\"@id\":\"https:\/\/laurapalonen.fi\/#website\"},\"primaryImageOfPage\":{\"@id\":\"https:\/\/laurapalonen.fi\/index.php\/tunnevyohyketerapia-tvt\/#primaryimage\"},\"image\":{\"@id\":\"https:\/\/laurapalonen.fi\/index.php\/tunnevyohyketerapia-tvt\/#primaryimage\"},\"thumbnailUrl\":\"https:\/\/laurapalonen.fi\/wp-content\/uploads\/2025\/06\/IMG_20190318_091907_882-1024x1024.jpg\",\"datePublished\":\"2025-05-10T17:21:47+00:00\",\"dateModified\":\"2025-07-29T08:00:13+00:00\",\"breadcrumb\":{\"@id\":\"https:\/\/laurapalonen.fi\/index.php\/tunnevyohyketerapia-tvt\/#breadcrumb\"},\"inLanguage\":\"fi\",\"potentialAction\":[{\"@type\":\"ReadAction\",\"target\":[\"https:\/\/laurapalonen.fi\/index.php\/tunnevyohyketerapia-tvt\/\"]}]},{\"@type\":\"ImageObject\",\"inLanguage\":\"fi\",\"@id\":\"https:\/\/laurapalonen.fi\/index.php\/tunnevyohyketerapia-tvt\/#primaryimage\",\"url\":\"https:\/\/laurapalonen.fi\/wp-content\/uploads\/2025\/06\/IMG_20190318_091907_882.jpg\",\"contentUrl\":\"https:\/\/laurapalonen.fi\/wp-content\/uploads\/2025\/06\/IMG_20190318_091907_882.jpg\",\"width\":1500,\"height\":1500},{\"@type\":\"BreadcrumbList\",\"@id\":\"https:\/\/laurapalonen.fi\/index.php\/tunnevyohyketerapia-tvt\/#breadcrumb\",\"itemListElement\":[{\"@type\":\"ListItem\",\"position\":1,\"name\":\"Home\",\"item\":\"https:\/\/laurapalonen.fi\/\"},{\"@type\":\"ListItem\",\"position\":2,\"name\":\"Tunnevy\u00f6hyketerapia TVT\u00ae\"}]},{\"@type\":\"WebSite\",\"@id\":\"https:\/\/laurapalonen.fi\/#website\",\"url\":\"https:\/\/laurapalonen.fi\/\",\"name\":\"Laura Palonen - Feeling Me\",\"description\":\"Tunnevy\u00f6hyketerapia, vy\u00f6hyketerapia, odottavan \u00e4idin monipuoliset palvelut | Varsinais-Suomi, Raisio\",\"publisher\":{\"@id\":\"https:\/\/laurapalonen.fi\/#organization\"},\"potentialAction\":[{\"@type\":\"SearchAction\",\"target\":{\"@type\":\"EntryPoint\",\"urlTemplate\":\"https:\/\/laurapalonen.fi\/?s={search_term_string}\"},\"query-input\":{\"@type\":\"PropertyValueSpecification\",\"valueRequired\":true,\"valueName\":\"search_term_string\"}}],\"inLanguage\":\"fi\"},{\"@type\":\"Organization\",\"@id\":\"https:\/\/laurapalonen.fi\/#organization\",\"name\":\"Laura Palonen - Feeling Me\",\"url\":\"https:\/\/laurapalonen.fi\/\",\"logo\":{\"@type\":\"ImageObject\",\"inLanguage\":\"fi\",\"@id\":\"https:\/\/laurapalonen.fi\/#\/schema\/logo\/image\/\",\"url\":\"https:\/\/laurapalonen.fi\/wp-content\/uploads\/2025\/05\/cropped-Laura-Palonen-Feeling-Me-taustaton-kapea-musta-scaled-1.png\",\"contentUrl\":\"https:\/\/laurapalonen.fi\/wp-content\/uploads\/2025\/05\/cropped-Laura-Palonen-Feeling-Me-taustaton-kapea-musta-scaled-1.png\",\"width\":2560,\"height\":669,\"caption\":\"Laura Palonen - Feeling Me\"},\"image\":{\"@id\":\"https:\/\/laurapalonen.fi\/#\/schema\/logo\/image\/\"}}]}<\/script>\n<!-- \/ Yoast SEO plugin. -->","yoast_head_json":{"title":"Tunnevy\u00f6hyketerapia TVT\u00ae - Laura Palonen - Feeling Me","robots":{"index":"index","follow":"follow","max-snippet":"max-snippet:-1","max-image-preview":"max-image-preview:large","max-video-preview":"max-video-preview:-1"},"canonical":"https:\/\/laurapalonen.fi\/index.php\/tunnevyohyketerapia-tvt\/","og_locale":"fi_FI","og_type":"article","og_title":"Tunnevy\u00f6hyketerapia TVT\u00ae - Laura Palonen - Feeling Me","og_description":"Tunnevy\u00f6hyketerapia:\u00a0Sis\u00e4lt\u00e4\u00e4 el\u00e4m\u00e4nkaarihaastattelun sek\u00e4 kehohoidon.Tunnevy\u00f6hyketerapia on tunnetraumojen purkamiseen keskittyv\u00e4 koko kehon vy\u00f6hyketerapia.Tunnevy\u00f6hyketerapia perustuu vy\u00f6hykeratahierontaan ja kehossa olevien kipupisteiden hoitoon. Vy\u00f6hyketerapia helpottaa mentaalisia (mm. identiteetti), psyykkisi\u00e4 (mm. ahdistus, masennus, uniongelmat) ja fyysisi\u00e4 oireita (mm. p\u00e4\u00e4ns\u00e4rky, nivelvaivat, niska- ja hartias\u00e4ryt, vatsaongelmat). Vy\u00f6hyketerapiahoito sopii kaikenik\u00e4isille joko yksitt\u00e4isin\u00e4 hoitokertoina tai useamman kerran sarjoina. Tunnevy\u00f6hyketerapiassa hoitov\u00e4li on yleens\u00e4 3-5 viikkoa, akuuteissa [&hellip;]","og_url":"https:\/\/laurapalonen.fi\/index.php\/tunnevyohyketerapia-tvt\/","og_site_name":"Laura Palonen - Feeling Me","article_modified_time":"2025-07-29T08:00:13+00:00","og_image":[{"width":1500,"height":1500,"url":"https:\/\/laurapalonen.fi\/wp-content\/uploads\/2025\/06\/IMG_20190318_091907_882.jpg","type":"image\/jpeg"}],"twitter_card":"summary_large_image","twitter_misc":{"Arvioitu lukuaika":"1 minuutti"},"schema":{"@context":"https:\/\/schema.org","@graph":[{"@type":"WebPage","@id":"https:\/\/laurapalonen.fi\/index.php\/tunnevyohyketerapia-tvt\/","url":"https:\/\/laurapalonen.fi\/index.php\/tunnevyohyketerapia-tvt\/","name":"Tunnevy\u00f6hyketerapia TVT\u00ae - Laura Palonen - Feeling Me","isPartOf":{"@id":"https:\/\/laurapalonen.fi\/#website"},"primaryImageOfPage":{"@id":"https:\/\/laurapalonen.fi\/index.php\/tunnevyohyketerapia-tvt\/#primaryimage"},"image":{"@id":"https:\/\/laurapalonen.fi\/index.php\/tunnevyohyketerapia-tvt\/#primaryimage"},"thumbnailUrl":"https:\/\/laurapalonen.fi\/wp-content\/uploads\/2025\/06\/IMG_20190318_091907_882-1024x1024.jpg","datePublished":"2025-05-10T17:21:47+00:00","dateModified":"2025-07-29T08:00:13+00:00","breadcrumb":{"@id":"https:\/\/laurapalonen.fi\/index.php\/tunnevyohyketerapia-tvt\/#breadcrumb"},"inLanguage":"fi","potentialAction":[{"@type":"ReadAction","target":["https:\/\/laurapalonen.fi\/index.php\/tunnevyohyketerapia-tvt\/"]}]},{"@type":"ImageObject","inLanguage":"fi","@id":"https:\/\/laurapalonen.fi\/index.php\/tunnevyohyketerapia-tvt\/#primaryimage","url":"https:\/\/laurapalonen.fi\/wp-content\/uploads\/2025\/06\/IMG_20190318_091907_882.jpg","contentUrl":"https:\/\/laurapalonen.fi\/wp-content\/uploads\/2025\/06\/IMG_20190318_091907_882.jpg","width":1500,"height":1500},{"@type":"BreadcrumbList","@id":"https:\/\/laurapalonen.fi\/index.php\/tunnevyohyketerapia-tvt\/#breadcrumb","itemListElement":[{"@type":"ListItem","position":1,"name":"Home","item":"https:\/\/laurapalonen.fi\/"},{"@type":"ListItem","position":2,"name":"Tunnevy\u00f6hyketerapia TVT\u00ae"}]},{"@type":"WebSite","@id":"https:\/\/laurapalonen.fi\/#website","url":"https:\/\/laurapalonen.fi\/","name":"Laura Palonen - Feeling Me","description":"Tunnevy\u00f6hyketerapia, vy\u00f6hyketerapia, odottavan \u00e4idin monipuoliset palvelut | Varsinais-Suomi, Raisio","publisher":{"@id":"https:\/\/laurapalonen.fi\/#organization"},"potentialAction":[{"@type":"SearchAction","target":{"@type":"EntryPoint","urlTemplate":"https:\/\/laurapalonen.fi\/?s={search_term_string}"},"query-input":{"@type":"PropertyValueSpecification","valueRequired":true,"valueName":"search_term_string"}}],"inLanguage":"fi"},{"@type":"Organization","@id":"https:\/\/laurapalonen.fi\/#organization","name":"Laura Palonen - Feeling Me","url":"https:\/\/laurapalonen.fi\/","logo":{"@type":"ImageObject","inLanguage":"fi","@id":"https:\/\/laurapalonen.fi\/#\/schema\/logo\/image\/","url":"https:\/\/laurapalonen.fi\/wp-content\/uploads\/2025\/05\/cropped-Laura-Palonen-Feeling-Me-taustaton-kapea-musta-scaled-1.png","contentUrl":"https:\/\/laurapalonen.fi\/wp-content\/uploads\/2025\/05\/cropped-Laura-Palonen-Feeling-Me-taustaton-kapea-musta-scaled-1.png","width":2560,"height":669,"caption":"Laura Palonen - Feeling Me"},"image":{"@id":"https:\/\/laurapalonen.fi\/#\/schema\/logo\/image\/"}}]}},"_links":{"self":[{"href":"https:\/\/laurapalonen.fi\/index.php\/wp-json\/wp\/v2\/pages\/71","targetHints":{"allow":["GET"]}}],"collection":[{"href":"https:\/\/laurapalonen.fi\/index.php\/wp-json\/wp\/v2\/pages"}],"about":[{"href":"https:\/\/laurapalonen.fi\/index.php\/wp-json\/wp\/v2\/types\/page"}],"author":[{"embeddable":true,"href":"https:\/\/laurapalonen.fi\/index.php\/wp-json\/wp\/v2\/users\/1"}],"replies":[{"embeddable":true,"href":"https:\/\/laurapalonen.fi\/index.php\/wp-json\/wp\/v2\/comments?post=71"}],"version-history":[{"count":7,"href":"https:\/\/laurapalonen.fi\/index.php\/wp-json\/wp\/v2\/pages\/71\/revisions"}],"predecessor-version":[{"id":273,"href":"https:\/\/laurapalonen.fi\/index.php\/wp-json\/wp\/v2\/pages\/71\/revisions\/273"}],"wp:attachment":[{"href":"https:\/\/laurapalonen.fi\/index.php\/wp-json\/wp\/v2\/media?parent=71"}],"curies":[{"name":"wp","href":"https:\/\/api.w.org\/{rel}","templated":true}]}}