{"id":68,"date":"2025-05-10T17:21:34","date_gmt":"2025-05-10T17:21:34","guid":{"rendered":"https:\/\/laurapalonen.fi\/?page_id=68"},"modified":"2025-07-29T07:34:32","modified_gmt":"2025-07-29T07:34:32","slug":"moderni-vyohyketerapia-mtv","status":"publish","type":"page","link":"https:\/\/laurapalonen.fi\/index.php\/moderni-vyohyketerapia-mtv\/","title":{"rendered":"Moderni vy\u00f6hyketerapia MTV\u00ae"},"content":{"rendered":"<style>.elementor-68 .elementor-element.elementor-element-b6da700{--display:flex;}.elementor-widget-text-editor{font-family:var( --e-global-typography-text-font-family ), Sans-serif;font-weight:var( --e-global-typography-text-font-weight );color:var( --e-global-color-text );}.elementor-widget-text-editor.elementor-drop-cap-view-stacked .elementor-drop-cap{background-color:var( --e-global-color-primary );}.elementor-widget-text-editor.elementor-drop-cap-view-framed .elementor-drop-cap, .elementor-widget-text-editor.elementor-drop-cap-view-default .elementor-drop-cap{color:var( --e-global-color-primary );border-color:var( --e-global-color-primary );}.elementor-68 .elementor-element.elementor-element-d2cb825{--display:flex;--flex-direction:column;--container-widget-width:100%;--container-widget-height:initial;--container-widget-flex-grow:0;--container-widget-align-self:initial;--flex-wrap-mobile:wrap;}.elementor-widget-image .widget-image-caption{color:var( --e-global-color-text );font-family:var( --e-global-typography-text-font-family ), Sans-serif;font-weight:var( --e-global-typography-text-font-weight );}.elementor-68 .elementor-element.elementor-element-9093455{--display:flex;--flex-direction:column;--container-widget-width:100%;--container-widget-height:initial;--container-widget-flex-grow:0;--container-widget-align-self:initial;--flex-wrap-mobile:wrap;}.elementor-widget-button .elementor-button{background-color:var( --e-global-color-accent );font-family:var( --e-global-typography-accent-font-family ), Sans-serif;font-weight:var( --e-global-typography-accent-font-weight );}.elementor-68 .elementor-element.elementor-element-ef3b959 .elementor-button{background-color:#FF3CCD;}<\/style>\t\t<div data-elementor-type=\"wp-page\" data-elementor-id=\"68\" class=\"elementor elementor-68\">\n\t\t\t\t<div class=\"elementor-element elementor-element-b6da700 e-flex e-con-boxed e-con e-parent\" data-id=\"b6da700\" data-element_type=\"container\">\n\t\t\t\t\t<div class=\"e-con-inner\">\n\t\t\t\t<div class=\"elementor-element elementor-element-a4c026b elementor-widget elementor-widget-text-editor\" data-id=\"a4c026b\" data-element_type=\"widget\" data-widget_type=\"text-editor.default\">\n\t\t\t\t<div class=\"elementor-widget-container\">\n\t\t\t\t\t\t\t\t\t<div class=\"wnd-align-center\"><strong><span class=\"wsw-25\">Moderni vy\u00f6hyketerapia:<\/span>\u00a0<\/strong><\/div><div class=\"wnd-align-center\">Moderni vy\u00f6hyketerapia (MVT\u00ae) keskittyy avaamaan kehoa, jotta eheytt\u00e4v\u00e4 tasapaino p\u00e4\u00e4see palautumaan kehoon. Hoitoon voi tulla mm. seuraavien oireiden hoitoon: p\u00e4\u00e4ns\u00e4ryt, lihaskivut, j\u00e4nnitystilat, suolistovaivat, levottomuus, ylivirittyneisyys, ahdistus, uniongelmat.<\/div><div class=\"wnd-align-center\">Hoidossa k\u00e4ytet\u00e4\u00e4n vy\u00f6hykeratahierontaa ja polaarista painantaa. Keskustelu on osa hoitoa, mutta t\u00e4rkeint\u00e4 on antaa kehon rentoutua ja avautua. Modernissa vy\u00f6hyketerapiassa keskityt\u00e4\u00e4n hoitamaan kehon ja mielen oireita poissulkematta tunnepuolta. Tunnepuoleen keskityt\u00e4\u00e4n enemm\u00e4n Tunnevy\u00f6hyketerapiassa TVT.<\/div>\t\t\t\t\t\t\t\t<\/div>\n\t\t\t\t<\/div>\n\t\t\t\t\t<\/div>\n\t\t\t\t<\/div>\n\t\t<div class=\"elementor-element elementor-element-d2cb825 e-flex e-con-boxed e-con e-parent\" data-id=\"d2cb825\" data-element_type=\"container\">\n\t\t\t\t\t<div class=\"e-con-inner\">\n\t\t\t\t<div class=\"elementor-element elementor-element-8051f42 elementor-widget elementor-widget-image\" data-id=\"8051f42\" data-element_type=\"widget\" data-widget_type=\"image.default\">\n\t\t\t\t<div class=\"elementor-widget-container\">\n\t\t\t\t\t\t\t\t\t\t\t\t\t\t\t<img fetchpriority=\"high\" decoding=\"async\" width=\"640\" height=\"853\" src=\"https:\/\/laurapalonen.fi\/wp-content\/uploads\/2025\/06\/IMG-20181014-WA0005-768x1024.jpg\" class=\"attachment-large size-large wp-image-117\" alt=\"\" srcset=\"https:\/\/laurapalonen.fi\/wp-content\/uploads\/2025\/06\/IMG-20181014-WA0005-768x1024.jpg 768w, https:\/\/laurapalonen.fi\/wp-content\/uploads\/2025\/06\/IMG-20181014-WA0005-225x300.jpg 225w, https:\/\/laurapalonen.fi\/wp-content\/uploads\/2025\/06\/IMG-20181014-WA0005-1152x1536.jpg 1152w, https:\/\/laurapalonen.fi\/wp-content\/uploads\/2025\/06\/IMG-20181014-WA0005.jpg 1200w\" sizes=\"(max-width: 640px) 100vw, 640px\" \/>\t\t\t\t\t\t\t\t\t\t\t\t\t\t\t<\/div>\n\t\t\t\t<\/div>\n\t\t\t\t\t<\/div>\n\t\t\t\t<\/div>\n\t\t<div class=\"elementor-element elementor-element-9093455 e-flex e-con-boxed e-con e-parent\" data-id=\"9093455\" data-element_type=\"container\">\n\t\t\t\t\t<div class=\"e-con-inner\">\n\t\t\t\t<div class=\"elementor-element elementor-element-ef3b959 elementor-align-center elementor-widget elementor-widget-button\" data-id=\"ef3b959\" data-element_type=\"widget\" data-widget_type=\"button.default\">\n\t\t\t\t<div class=\"elementor-widget-container\">\n\t\t\t\t\t\t\t\t\t<div class=\"elementor-button-wrapper\">\n\t\t\t\t\t<a class=\"elementor-button elementor-button-link elementor-size-sm\" href=\"\">\n\t\t\t\t\t\t<span class=\"elementor-button-content-wrapper\">\n\t\t\t\t\t\t\t\t\t<span class=\"elementor-button-text\">Ajanvaraukseen<\/span>\n\t\t\t\t\t<\/span>\n\t\t\t\t\t<\/a>\n\t\t\t\t<\/div>\n\t\t\t\t\t\t\t\t<\/div>\n\t\t\t\t<\/div>\n\t\t\t\t\t<\/div>\n\t\t\t\t<\/div>\n\t\t\t\t<\/div>\n\t\t","protected":false},"excerpt":{"rendered":"<p>Moderni vy\u00f6hyketerapia:\u00a0Moderni vy\u00f6hyketerapia (MVT\u00ae) keskittyy avaamaan kehoa, jotta eheytt\u00e4v\u00e4 tasapaino p\u00e4\u00e4see palautumaan kehoon. Hoitoon voi tulla mm. seuraavien oireiden hoitoon: p\u00e4\u00e4ns\u00e4ryt, lihaskivut, j\u00e4nnitystilat, suolistovaivat, levottomuus, ylivirittyneisyys, ahdistus, uniongelmat.Hoidossa k\u00e4ytet\u00e4\u00e4n vy\u00f6hykeratahierontaa ja polaarista painantaa. Keskustelu on osa hoitoa, mutta t\u00e4rkeint\u00e4 on antaa kehon rentoutua ja avautua. Modernissa vy\u00f6hyketerapiassa keskityt\u00e4\u00e4n hoitamaan kehon ja mielen oireita poissulkematta tunnepuolta. [&hellip;]<\/p>\n","protected":false},"author":1,"featured_media":0,"parent":0,"menu_order":0,"comment_status":"closed","ping_status":"closed","template":"","meta":{"footnotes":""},"class_list":["post-68","page","type-page","status-publish","hentry"],"yoast_head":"<!-- This site is optimized with the Yoast SEO plugin v26.4 - https:\/\/yoast.com\/wordpress\/plugins\/seo\/ -->\n<title>Moderni vy\u00f6hyketerapia MTV\u00ae - Laura Palonen - Feeling Me<\/title>\n<meta name=\"robots\" content=\"index, follow, max-snippet:-1, max-image-preview:large, max-video-preview:-1\" \/>\n<link rel=\"canonical\" href=\"https:\/\/laurapalonen.fi\/index.php\/moderni-vyohyketerapia-mtv\/\" \/>\n<meta property=\"og:locale\" content=\"fi_FI\" \/>\n<meta property=\"og:type\" content=\"article\" \/>\n<meta property=\"og:title\" content=\"Moderni vy\u00f6hyketerapia MTV\u00ae - Laura Palonen - Feeling Me\" \/>\n<meta property=\"og:description\" content=\"Moderni vy\u00f6hyketerapia:\u00a0Moderni vy\u00f6hyketerapia (MVT\u00ae) keskittyy avaamaan kehoa, jotta eheytt\u00e4v\u00e4 tasapaino p\u00e4\u00e4see palautumaan kehoon. Hoitoon voi tulla mm. seuraavien oireiden hoitoon: p\u00e4\u00e4ns\u00e4ryt, lihaskivut, j\u00e4nnitystilat, suolistovaivat, levottomuus, ylivirittyneisyys, ahdistus, uniongelmat.Hoidossa k\u00e4ytet\u00e4\u00e4n vy\u00f6hykeratahierontaa ja polaarista painantaa. Keskustelu on osa hoitoa, mutta t\u00e4rkeint\u00e4 on antaa kehon rentoutua ja avautua. Modernissa vy\u00f6hyketerapiassa keskityt\u00e4\u00e4n hoitamaan kehon ja mielen oireita poissulkematta tunnepuolta. [&hellip;]\" \/>\n<meta property=\"og:url\" content=\"https:\/\/laurapalonen.fi\/index.php\/moderni-vyohyketerapia-mtv\/\" \/>\n<meta property=\"og:site_name\" content=\"Laura Palonen - Feeling Me\" \/>\n<meta property=\"article:modified_time\" content=\"2025-07-29T07:34:32+00:00\" \/>\n<meta property=\"og:image\" content=\"https:\/\/laurapalonen.fi\/wp-content\/uploads\/2025\/06\/IMG-20181014-WA0005.jpg\" \/>\n\t<meta property=\"og:image:width\" content=\"1200\" \/>\n\t<meta property=\"og:image:height\" content=\"1600\" \/>\n\t<meta property=\"og:image:type\" content=\"image\/jpeg\" \/>\n<meta name=\"twitter:card\" content=\"summary_large_image\" \/>\n<meta name=\"twitter:label1\" content=\"Arvioitu lukuaika\" \/>\n\t<meta name=\"twitter:data1\" content=\"1 minuutti\" \/>\n<script type=\"application\/ld+json\" class=\"yoast-schema-graph\">{\"@context\":\"https:\/\/schema.org\",\"@graph\":[{\"@type\":\"WebPage\",\"@id\":\"https:\/\/laurapalonen.fi\/index.php\/moderni-vyohyketerapia-mtv\/\",\"url\":\"https:\/\/laurapalonen.fi\/index.php\/moderni-vyohyketerapia-mtv\/\",\"name\":\"Moderni vy\u00f6hyketerapia MTV\u00ae - Laura Palonen - Feeling Me\",\"isPartOf\":{\"@id\":\"https:\/\/laurapalonen.fi\/#website\"},\"primaryImageOfPage\":{\"@id\":\"https:\/\/laurapalonen.fi\/index.php\/moderni-vyohyketerapia-mtv\/#primaryimage\"},\"image\":{\"@id\":\"https:\/\/laurapalonen.fi\/index.php\/moderni-vyohyketerapia-mtv\/#primaryimage\"},\"thumbnailUrl\":\"https:\/\/laurapalonen.fi\/wp-content\/uploads\/2025\/06\/IMG-20181014-WA0005-768x1024.jpg\",\"datePublished\":\"2025-05-10T17:21:34+00:00\",\"dateModified\":\"2025-07-29T07:34:32+00:00\",\"breadcrumb\":{\"@id\":\"https:\/\/laurapalonen.fi\/index.php\/moderni-vyohyketerapia-mtv\/#breadcrumb\"},\"inLanguage\":\"fi\",\"potentialAction\":[{\"@type\":\"ReadAction\",\"target\":[\"https:\/\/laurapalonen.fi\/index.php\/moderni-vyohyketerapia-mtv\/\"]}]},{\"@type\":\"ImageObject\",\"inLanguage\":\"fi\",\"@id\":\"https:\/\/laurapalonen.fi\/index.php\/moderni-vyohyketerapia-mtv\/#primaryimage\",\"url\":\"https:\/\/laurapalonen.fi\/wp-content\/uploads\/2025\/06\/IMG-20181014-WA0005.jpg\",\"contentUrl\":\"https:\/\/laurapalonen.fi\/wp-content\/uploads\/2025\/06\/IMG-20181014-WA0005.jpg\",\"width\":1200,\"height\":1600},{\"@type\":\"BreadcrumbList\",\"@id\":\"https:\/\/laurapalonen.fi\/index.php\/moderni-vyohyketerapia-mtv\/#breadcrumb\",\"itemListElement\":[{\"@type\":\"ListItem\",\"position\":1,\"name\":\"Home\",\"item\":\"https:\/\/laurapalonen.fi\/\"},{\"@type\":\"ListItem\",\"position\":2,\"name\":\"Moderni vy\u00f6hyketerapia MTV\u00ae\"}]},{\"@type\":\"WebSite\",\"@id\":\"https:\/\/laurapalonen.fi\/#website\",\"url\":\"https:\/\/laurapalonen.fi\/\",\"name\":\"Laura Palonen - Feeling Me\",\"description\":\"Tunnevy\u00f6hyketerapia, vy\u00f6hyketerapia, odottavan \u00e4idin monipuoliset palvelut | Varsinais-Suomi, Raisio\",\"publisher\":{\"@id\":\"https:\/\/laurapalonen.fi\/#organization\"},\"potentialAction\":[{\"@type\":\"SearchAction\",\"target\":{\"@type\":\"EntryPoint\",\"urlTemplate\":\"https:\/\/laurapalonen.fi\/?s={search_term_string}\"},\"query-input\":{\"@type\":\"PropertyValueSpecification\",\"valueRequired\":true,\"valueName\":\"search_term_string\"}}],\"inLanguage\":\"fi\"},{\"@type\":\"Organization\",\"@id\":\"https:\/\/laurapalonen.fi\/#organization\",\"name\":\"Laura Palonen - Feeling Me\",\"url\":\"https:\/\/laurapalonen.fi\/\",\"logo\":{\"@type\":\"ImageObject\",\"inLanguage\":\"fi\",\"@id\":\"https:\/\/laurapalonen.fi\/#\/schema\/logo\/image\/\",\"url\":\"https:\/\/laurapalonen.fi\/wp-content\/uploads\/2025\/05\/cropped-Laura-Palonen-Feeling-Me-taustaton-kapea-musta-scaled-1.png\",\"contentUrl\":\"https:\/\/laurapalonen.fi\/wp-content\/uploads\/2025\/05\/cropped-Laura-Palonen-Feeling-Me-taustaton-kapea-musta-scaled-1.png\",\"width\":2560,\"height\":669,\"caption\":\"Laura Palonen - Feeling Me\"},\"image\":{\"@id\":\"https:\/\/laurapalonen.fi\/#\/schema\/logo\/image\/\"}}]}<\/script>\n<!-- \/ Yoast SEO plugin. -->","yoast_head_json":{"title":"Moderni vy\u00f6hyketerapia MTV\u00ae - Laura Palonen - Feeling Me","robots":{"index":"index","follow":"follow","max-snippet":"max-snippet:-1","max-image-preview":"max-image-preview:large","max-video-preview":"max-video-preview:-1"},"canonical":"https:\/\/laurapalonen.fi\/index.php\/moderni-vyohyketerapia-mtv\/","og_locale":"fi_FI","og_type":"article","og_title":"Moderni vy\u00f6hyketerapia MTV\u00ae - Laura Palonen - Feeling Me","og_description":"Moderni vy\u00f6hyketerapia:\u00a0Moderni vy\u00f6hyketerapia (MVT\u00ae) keskittyy avaamaan kehoa, jotta eheytt\u00e4v\u00e4 tasapaino p\u00e4\u00e4see palautumaan kehoon. Hoitoon voi tulla mm. seuraavien oireiden hoitoon: p\u00e4\u00e4ns\u00e4ryt, lihaskivut, j\u00e4nnitystilat, suolistovaivat, levottomuus, ylivirittyneisyys, ahdistus, uniongelmat.Hoidossa k\u00e4ytet\u00e4\u00e4n vy\u00f6hykeratahierontaa ja polaarista painantaa. Keskustelu on osa hoitoa, mutta t\u00e4rkeint\u00e4 on antaa kehon rentoutua ja avautua. Modernissa vy\u00f6hyketerapiassa keskityt\u00e4\u00e4n hoitamaan kehon ja mielen oireita poissulkematta tunnepuolta. [&hellip;]","og_url":"https:\/\/laurapalonen.fi\/index.php\/moderni-vyohyketerapia-mtv\/","og_site_name":"Laura Palonen - Feeling Me","article_modified_time":"2025-07-29T07:34:32+00:00","og_image":[{"width":1200,"height":1600,"url":"https:\/\/laurapalonen.fi\/wp-content\/uploads\/2025\/06\/IMG-20181014-WA0005.jpg","type":"image\/jpeg"}],"twitter_card":"summary_large_image","twitter_misc":{"Arvioitu lukuaika":"1 minuutti"},"schema":{"@context":"https:\/\/schema.org","@graph":[{"@type":"WebPage","@id":"https:\/\/laurapalonen.fi\/index.php\/moderni-vyohyketerapia-mtv\/","url":"https:\/\/laurapalonen.fi\/index.php\/moderni-vyohyketerapia-mtv\/","name":"Moderni vy\u00f6hyketerapia MTV\u00ae - Laura Palonen - Feeling Me","isPartOf":{"@id":"https:\/\/laurapalonen.fi\/#website"},"primaryImageOfPage":{"@id":"https:\/\/laurapalonen.fi\/index.php\/moderni-vyohyketerapia-mtv\/#primaryimage"},"image":{"@id":"https:\/\/laurapalonen.fi\/index.php\/moderni-vyohyketerapia-mtv\/#primaryimage"},"thumbnailUrl":"https:\/\/laurapalonen.fi\/wp-content\/uploads\/2025\/06\/IMG-20181014-WA0005-768x1024.jpg","datePublished":"2025-05-10T17:21:34+00:00","dateModified":"2025-07-29T07:34:32+00:00","breadcrumb":{"@id":"https:\/\/laurapalonen.fi\/index.php\/moderni-vyohyketerapia-mtv\/#breadcrumb"},"inLanguage":"fi","potentialAction":[{"@type":"ReadAction","target":["https:\/\/laurapalonen.fi\/index.php\/moderni-vyohyketerapia-mtv\/"]}]},{"@type":"ImageObject","inLanguage":"fi","@id":"https:\/\/laurapalonen.fi\/index.php\/moderni-vyohyketerapia-mtv\/#primaryimage","url":"https:\/\/laurapalonen.fi\/wp-content\/uploads\/2025\/06\/IMG-20181014-WA0005.jpg","contentUrl":"https:\/\/laurapalonen.fi\/wp-content\/uploads\/2025\/06\/IMG-20181014-WA0005.jpg","width":1200,"height":1600},{"@type":"BreadcrumbList","@id":"https:\/\/laurapalonen.fi\/index.php\/moderni-vyohyketerapia-mtv\/#breadcrumb","itemListElement":[{"@type":"ListItem","position":1,"name":"Home","item":"https:\/\/laurapalonen.fi\/"},{"@type":"ListItem","position":2,"name":"Moderni vy\u00f6hyketerapia MTV\u00ae"}]},{"@type":"WebSite","@id":"https:\/\/laurapalonen.fi\/#website","url":"https:\/\/laurapalonen.fi\/","name":"Laura Palonen - Feeling Me","description":"Tunnevy\u00f6hyketerapia, vy\u00f6hyketerapia, odottavan \u00e4idin monipuoliset palvelut | Varsinais-Suomi, Raisio","publisher":{"@id":"https:\/\/laurapalonen.fi\/#organization"},"potentialAction":[{"@type":"SearchAction","target":{"@type":"EntryPoint","urlTemplate":"https:\/\/laurapalonen.fi\/?s={search_term_string}"},"query-input":{"@type":"PropertyValueSpecification","valueRequired":true,"valueName":"search_term_string"}}],"inLanguage":"fi"},{"@type":"Organization","@id":"https:\/\/laurapalonen.fi\/#organization","name":"Laura Palonen - Feeling Me","url":"https:\/\/laurapalonen.fi\/","logo":{"@type":"ImageObject","inLanguage":"fi","@id":"https:\/\/laurapalonen.fi\/#\/schema\/logo\/image\/","url":"https:\/\/laurapalonen.fi\/wp-content\/uploads\/2025\/05\/cropped-Laura-Palonen-Feeling-Me-taustaton-kapea-musta-scaled-1.png","contentUrl":"https:\/\/laurapalonen.fi\/wp-content\/uploads\/2025\/05\/cropped-Laura-Palonen-Feeling-Me-taustaton-kapea-musta-scaled-1.png","width":2560,"height":669,"caption":"Laura Palonen - Feeling Me"},"image":{"@id":"https:\/\/laurapalonen.fi\/#\/schema\/logo\/image\/"}}]}},"_links":{"self":[{"href":"https:\/\/laurapalonen.fi\/index.php\/wp-json\/wp\/v2\/pages\/68","targetHints":{"allow":["GET"]}}],"collection":[{"href":"https:\/\/laurapalonen.fi\/index.php\/wp-json\/wp\/v2\/pages"}],"about":[{"href":"https:\/\/laurapalonen.fi\/index.php\/wp-json\/wp\/v2\/types\/page"}],"author":[{"embeddable":true,"href":"https:\/\/laurapalonen.fi\/index.php\/wp-json\/wp\/v2\/users\/1"}],"replies":[{"embeddable":true,"href":"https:\/\/laurapalonen.fi\/index.php\/wp-json\/wp\/v2\/comments?post=68"}],"version-history":[{"count":10,"href":"https:\/\/laurapalonen.fi\/index.php\/wp-json\/wp\/v2\/pages\/68\/revisions"}],"predecessor-version":[{"id":228,"href":"https:\/\/laurapalonen.fi\/index.php\/wp-json\/wp\/v2\/pages\/68\/revisions\/228"}],"wp:attachment":[{"href":"https:\/\/laurapalonen.fi\/index.php\/wp-json\/wp\/v2\/media?parent=68"}],"curies":[{"name":"wp","href":"https:\/\/api.w.org\/{rel}","templated":true}]}}