{"id":65,"date":"2025-05-10T17:21:11","date_gmt":"2025-05-10T17:21:11","guid":{"rendered":"https:\/\/laurapalonen.fi\/?page_id=65"},"modified":"2025-07-29T07:48:58","modified_gmt":"2025-07-29T07:48:58","slug":"aitiyspalvelut","status":"publish","type":"page","link":"https:\/\/laurapalonen.fi\/index.php\/aitiyspalvelut\/","title":{"rendered":"\u00c4itiyspalvelut, vauva ja lapset"},"content":{"rendered":"<style>.elementor-65 .elementor-element.elementor-element-d979ebd{--display:flex;}.elementor-widget-text-editor{font-family:var( --e-global-typography-text-font-family ), Sans-serif;font-weight:var( --e-global-typography-text-font-weight );color:var( --e-global-color-text );}.elementor-widget-text-editor.elementor-drop-cap-view-stacked .elementor-drop-cap{background-color:var( --e-global-color-primary );}.elementor-widget-text-editor.elementor-drop-cap-view-framed .elementor-drop-cap, .elementor-widget-text-editor.elementor-drop-cap-view-default .elementor-drop-cap{color:var( --e-global-color-primary );border-color:var( --e-global-color-primary );}.elementor-65 .elementor-element.elementor-element-23ce54c{--display:flex;}.elementor-65 .elementor-element.elementor-element-41a65ce{--display:flex;}.elementor-65 .elementor-element.elementor-element-bf87def{--display:flex;}.elementor-widget-button .elementor-button{background-color:var( --e-global-color-accent );font-family:var( --e-global-typography-accent-font-family ), Sans-serif;font-weight:var( --e-global-typography-accent-font-weight );}.elementor-65 .elementor-element.elementor-element-474f628 .elementor-button{background-color:#FE50FF;}.elementor-65 .elementor-element.elementor-element-9700c92{--display:flex;--flex-direction:row;--container-widget-width:initial;--container-widget-height:100%;--container-widget-flex-grow:1;--container-widget-align-self:stretch;--flex-wrap-mobile:wrap;--gap:0px 0px;--row-gap:0px;--column-gap:0px;}.elementor-65 .elementor-element.elementor-element-10482ba{--display:flex;--flex-direction:column;--container-widget-width:100%;--container-widget-height:initial;--container-widget-flex-grow:0;--container-widget-align-self:initial;--flex-wrap-mobile:wrap;}.elementor-widget-image .widget-image-caption{color:var( --e-global-color-text );font-family:var( --e-global-typography-text-font-family ), Sans-serif;font-weight:var( --e-global-typography-text-font-weight );}.elementor-65 .elementor-element.elementor-element-2d3f755{--display:flex;--flex-direction:column;--container-widget-width:100%;--container-widget-height:initial;--container-widget-flex-grow:0;--container-widget-align-self:initial;--flex-wrap-mobile:wrap;}.elementor-65 .elementor-element.elementor-element-ba65c38{--display:flex;}@media(min-width:768px){.elementor-65 .elementor-element.elementor-element-10482ba{--width:50%;}.elementor-65 .elementor-element.elementor-element-2d3f755{--width:50%;}}<\/style>\t\t<div data-elementor-type=\"wp-page\" data-elementor-id=\"65\" class=\"elementor elementor-65\">\n\t\t\t\t<div class=\"elementor-element elementor-element-d979ebd e-flex e-con-boxed e-con e-parent\" data-id=\"d979ebd\" data-element_type=\"container\">\n\t\t\t\t\t<div class=\"e-con-inner\">\n\t\t\t\t<div class=\"elementor-element elementor-element-0ed1e60 elementor-widget elementor-widget-text-editor\" data-id=\"0ed1e60\" data-element_type=\"widget\" data-widget_type=\"text-editor.default\">\n\t\t\t\t<div class=\"elementor-widget-container\">\n\t\t\t\t\t\t\t\t\t<p>\u00c4itiysajan vy\u00f6hyketerapiapalvelut<\/p><div><p class=\"wnd-align-center\"><span class=\"wsw-25\"><strong>Raskausajan vy\u00f6hyketerapia<\/strong><\/span> on ihanan lempe\u00e4, rentouttava ja kipuja helpottava hoito, joka rentouttaa kehoa ja mielt\u00e4! Hoitoa voidaan tehd\u00e4 koko raskauden ajan. Hoidossa kehoa hoidetaan vy\u00f6hyketerapian sek\u00e4 lempe\u00e4n hieronnan avulla. Vy\u00f6hyketerapian avulla voidaan helpottaa raskausajan vaivoja, kuten kehon j\u00e4nnityksi\u00e4 ja kipuja (liitoskivut, lihaskivut, j\u00e4nnitteet), parantaa aineenvaihduntaa, v\u00e4hent\u00e4\u00e4 turvotusta ja stressi\u00e4 ja auttaa rentoutumaan. Helpottaa ja tasapainottaa erilaisia raskauden tuomia muutoksia kehossa (esim. hormonitoiminta, hengitys, ruoansulatus). Tyynyt tukevat tarvittaessa asentoa niin, ett\u00e4 my\u00f6s viimeisill\u00e4\u00e4n raskaana oleva p\u00e4\u00e4see rentoutumaan ja nauttimaan hoidosta.\u00a0\u00a0\u00a0\u00a0\u00a0<\/p><p class=\"wnd-align-center\"><strong>S<\/strong><span class=\"wsw-25\"><strong>ynnytykseen valmistava\/k\u00e4ynnist\u00e4v\u00e4 vy\u00f6hyketerapia <\/strong>auttaa kehoa rentoutumaan ja avautumaan, jotta vauva p\u00e4\u00e4see laskeutumaan. Hoidossa avataan kehoa vy\u00f6hyketerapian avulla, stimuloidaan akupisteit\u00e4 sek\u00e4 k\u00e4sitell\u00e4\u00e4n heijasteiden kautta hormonialueita.<\/span><\/p><p class=\"wnd-align-center\"><strong>Synnytyksen j\u00e4lkeinen vy\u00f6hyketerapia<\/strong> palauttaa kehoa raskauden ja synnytyksen j\u00e4lkeen. Vy\u00f6hyketerapia tasapainottaa hormonitoimintaa ja auttaa poistamaan kehon j\u00e4nnitystiloja. Raskausaika ja synnytys on sek\u00e4 \u00e4idille ett\u00e4 vauvalle raskas kokemus.<\/p><p><strong>Imetysohjaus <\/strong>Imetys voi olla kivuliasta ja hankalaa ja vaikuttaa koko perheen jaksamiseen. Vauvan imuotteessa ja asennossa voi olla jotain, mik\u00e4 vaikuttaa imetykseen (mm. kipu, imuteho, tissin hylkiminen). WHO:n ja THL:n suositusten vastaavan koulutuksen k\u00e4yneell\u00e4 imetysohjaajalla on valmiudet antaa tietoa imetyksest\u00e4, ohjata oikean imetysasennon ja -otteen saavuttamisessa, toteuttaa imetyst\u00e4 edist\u00e4vi\u00e4 hoitok\u00e4yt\u00e4nt\u00f6j\u00e4 synnytyksen aikana ja sen j\u00e4lkeen, ohjata rintojen hoidossa sek\u00e4 erilaisissa maidonerityksen pulmatilanteissa ja neuvoa tavanomaisissa imetyksen ongelmatilanteissa.<\/p><\/div>\t\t\t\t\t\t\t\t<\/div>\n\t\t\t\t<\/div>\n\t\t\t\t\t<\/div>\n\t\t\t\t<\/div>\n\t\t<div class=\"elementor-element elementor-element-23ce54c e-flex e-con-boxed e-con e-parent\" data-id=\"23ce54c\" data-element_type=\"container\">\n\t\t\t\t\t<div class=\"e-con-inner\">\n\t\t\t\t<div class=\"elementor-element elementor-element-aec98c6 elementor-widget elementor-widget-text-editor\" data-id=\"aec98c6\" data-element_type=\"widget\" data-widget_type=\"text-editor.default\">\n\t\t\t\t<div class=\"elementor-widget-container\">\n\t\t\t\t\t\t\t\t\t<p><strong>Vauvojen vy\u00f6hyketerapia\/Baby Balance\u00ae <\/strong>Yhdist\u00e4n vauvojen hoitamisessa laajaa osaamistani vy\u00f6hyketerapeuttina sek\u00e4 Baby Balance\u00ae hoitajana. Hoito tukee vauvan luonnollista kehityst\u00e4 ja vahvistaa mm. suolistoa ja ruoansulatusta sek\u00e4 rentouttaa vauvaa. Hoitoa k\u00e4ytet\u00e4\u00e4n mm. &#8221;koliikkin&#8221; hoitoon, vatsavaivoihin (esim. ummetus), itkuisuuteen, kehon j\u00e4ykkyyksiin, normaalia runsaampaan pulautteluun, refluksioireisiin, ihottumiin sek\u00e4 unih\u00e4iri\u00f6ihin. Hoito on yhdistelm\u00e4 vy\u00f6heketerapiaa, hierontaa, fasciak\u00e4sittely\u00e4 sek\u00e4 j\u00e4senkorjausta, otteita k\u00e4ytet\u00e4\u00e4n aina tarpeen mukaan. Kuume ja antibioottikuuri ovat esteit\u00e4 hoidolle. Rokotusten j\u00e4lkeen on hyv\u00e4 pit\u00e4\u00e4 hoitotaukoa 5-7p\u00e4iv\u00e4\u00e4.\u00a0<\/p>\t\t\t\t\t\t\t\t<\/div>\n\t\t\t\t<\/div>\n\t\t\t\t\t<\/div>\n\t\t\t\t<\/div>\n\t\t<div class=\"elementor-element elementor-element-41a65ce e-flex e-con-boxed e-con e-parent\" data-id=\"41a65ce\" data-element_type=\"container\">\n\t\t\t\t\t<div class=\"e-con-inner\">\n\t\t\t\t<div class=\"elementor-element elementor-element-85aca31 elementor-widget elementor-widget-text-editor\" data-id=\"85aca31\" data-element_type=\"widget\" data-widget_type=\"text-editor.default\">\n\t\t\t\t<div class=\"elementor-widget-container\">\n\t\t\t\t\t\t\t\t\t<p><strong>Lasten vy\u00f6hyketerapia <\/strong>Vauvavuoden j\u00e4lkeen lapset kasvavat, mutta oireita saattaa silti olla. Lasten vy\u00f6hyketerapiassa hoidan lasten uniongelmia, suolisto-oireita (mm. ummetus), iho-ongelmia, levottomuutta ja rauhattomuutta, kehon j\u00e4ykkyyksi\u00e4 ja toispuoleisuutta, kasvukipuja. Lapsen voi tuoda hoitoon my\u00f6s &#8221;vain&#8221; nauttimaan olosta. Voin tarvittaessa ohjeistaa vanhempaa my\u00f6s kotihoitoon, mm. illan rauhattomuuden tai suolisto-oireiden hoitoon.<\/p>\t\t\t\t\t\t\t\t<\/div>\n\t\t\t\t<\/div>\n\t\t\t\t\t<\/div>\n\t\t\t\t<\/div>\n\t\t<div class=\"elementor-element elementor-element-bf87def e-flex e-con-boxed e-con e-parent\" data-id=\"bf87def\" data-element_type=\"container\">\n\t\t\t\t\t<div class=\"e-con-inner\">\n\t\t\t\t<div class=\"elementor-element elementor-element-474f628 elementor-align-center elementor-widget elementor-widget-button\" data-id=\"474f628\" data-element_type=\"widget\" data-widget_type=\"button.default\">\n\t\t\t\t<div class=\"elementor-widget-container\">\n\t\t\t\t\t\t\t\t\t<div class=\"elementor-button-wrapper\">\n\t\t\t\t\t<a class=\"elementor-button elementor-button-link elementor-size-sm\" href=\"\">\n\t\t\t\t\t\t<span class=\"elementor-button-content-wrapper\">\n\t\t\t\t\t\t\t\t\t<span class=\"elementor-button-text\">Ajanvaraukseen<\/span>\n\t\t\t\t\t<\/span>\n\t\t\t\t\t<\/a>\n\t\t\t\t<\/div>\n\t\t\t\t\t\t\t\t<\/div>\n\t\t\t\t<\/div>\n\t\t\t\t\t<\/div>\n\t\t\t\t<\/div>\n\t\t<div class=\"elementor-element elementor-element-9700c92 e-flex e-con-boxed e-con e-parent\" data-id=\"9700c92\" data-element_type=\"container\">\n\t\t\t\t\t<div class=\"e-con-inner\">\n\t\t<div class=\"elementor-element elementor-element-10482ba e-con-full e-flex e-con e-child\" data-id=\"10482ba\" data-element_type=\"container\">\n\t\t\t\t<div class=\"elementor-element elementor-element-871b0de elementor-widget elementor-widget-image\" data-id=\"871b0de\" data-element_type=\"widget\" data-widget_type=\"image.default\">\n\t\t\t\t<div class=\"elementor-widget-container\">\n\t\t\t\t\t\t\t\t\t\t\t\t\t\t\t<img fetchpriority=\"high\" decoding=\"async\" width=\"216\" height=\"300\" src=\"https:\/\/laurapalonen.fi\/wp-content\/uploads\/2025\/07\/IMG-20240730-WA0041-216x300.jpg\" class=\"attachment-medium size-medium wp-image-178\" alt=\"\" srcset=\"https:\/\/laurapalonen.fi\/wp-content\/uploads\/2025\/07\/IMG-20240730-WA0041-216x300.jpg 216w, https:\/\/laurapalonen.fi\/wp-content\/uploads\/2025\/07\/IMG-20240730-WA0041-738x1024.jpg 738w, https:\/\/laurapalonen.fi\/wp-content\/uploads\/2025\/07\/IMG-20240730-WA0041-768x1066.jpg 768w, https:\/\/laurapalonen.fi\/wp-content\/uploads\/2025\/07\/IMG-20240730-WA0041-1107x1536.jpg 1107w, https:\/\/laurapalonen.fi\/wp-content\/uploads\/2025\/07\/IMG-20240730-WA0041.jpg 1153w\" sizes=\"(max-width: 216px) 100vw, 216px\" \/>\t\t\t\t\t\t\t\t\t\t\t\t\t\t\t<\/div>\n\t\t\t\t<\/div>\n\t\t\t\t<\/div>\n\t\t<div class=\"elementor-element elementor-element-2d3f755 e-con-full e-flex e-con e-child\" data-id=\"2d3f755\" data-element_type=\"container\">\n\t\t\t\t<div class=\"elementor-element elementor-element-b3d2355 elementor-widget elementor-widget-image\" data-id=\"b3d2355\" data-element_type=\"widget\" data-widget_type=\"image.default\">\n\t\t\t\t<div class=\"elementor-widget-container\">\n\t\t\t\t\t\t\t\t\t\t\t\t\t\t\t<img decoding=\"async\" src=\"https:\/\/laurapalonen.fi\/wp-content\/uploads\/elementor\/thumbs\/IMG-20240404-WA0008-1-r8k2bu3a3snqwjw327i986qqr1crgrdtgdyyipdxvc.jpg\" title=\"IMG-20240404-WA0008 (1)\" alt=\"IMG-20240404-WA0008 (1)\" loading=\"lazy\" \/>\t\t\t\t\t\t\t\t\t\t\t\t\t\t\t<\/div>\n\t\t\t\t<\/div>\n\t\t\t\t<\/div>\n\t\t\t\t\t<\/div>\n\t\t\t\t<\/div>\n\t\t<div class=\"elementor-element elementor-element-ba65c38 e-flex e-con-boxed e-con e-parent\" data-id=\"ba65c38\" data-element_type=\"container\">\n\t\t\t\t\t<div class=\"e-con-inner\">\n\t\t\t\t<div class=\"elementor-element elementor-element-a6bbd70 elementor-widget elementor-widget-image\" data-id=\"a6bbd70\" data-element_type=\"widget\" data-widget_type=\"image.default\">\n\t\t\t\t<div class=\"elementor-widget-container\">\n\t\t\t\t\t\t\t\t\t\t\t\t\t\t\t<img decoding=\"async\" src=\"https:\/\/laurapalonen.fi\/wp-content\/uploads\/elementor\/thumbs\/IMG-20230126-WA0007-1-r9gnkcdy8qumgonzokl56przg3usygssgrnogydnqo.jpg\" title=\"IMG-20230126-WA0007 (1)\" alt=\"IMG-20230126-WA0007 (1)\" loading=\"lazy\" \/>\t\t\t\t\t\t\t\t\t\t\t\t\t\t\t<\/div>\n\t\t\t\t<\/div>\n\t\t\t\t\t<\/div>\n\t\t\t\t<\/div>\n\t\t\t\t<\/div>\n\t\t","protected":false},"excerpt":{"rendered":"<p>\u00c4itiysajan vy\u00f6hyketerapiapalvelut Raskausajan vy\u00f6hyketerapia on ihanan lempe\u00e4, rentouttava ja kipuja helpottava hoito, joka rentouttaa kehoa ja mielt\u00e4! Hoitoa voidaan tehd\u00e4 koko raskauden ajan. Hoidossa kehoa hoidetaan vy\u00f6hyketerapian sek\u00e4 lempe\u00e4n hieronnan avulla. Vy\u00f6hyketerapian avulla voidaan helpottaa raskausajan vaivoja, kuten kehon j\u00e4nnityksi\u00e4 ja kipuja (liitoskivut, lihaskivut, j\u00e4nnitteet), parantaa aineenvaihduntaa, v\u00e4hent\u00e4\u00e4 turvotusta ja stressi\u00e4 ja auttaa rentoutumaan. Helpottaa [&hellip;]<\/p>\n","protected":false},"author":1,"featured_media":0,"parent":0,"menu_order":0,"comment_status":"closed","ping_status":"closed","template":"","meta":{"footnotes":""},"class_list":["post-65","page","type-page","status-publish","hentry"],"yoast_head":"<!-- This site is optimized with the Yoast SEO plugin v26.4 - https:\/\/yoast.com\/wordpress\/plugins\/seo\/ -->\n<title>\u00c4itiyspalvelut, vauva ja lapset - Laura Palonen - Feeling Me<\/title>\n<meta name=\"robots\" content=\"index, follow, max-snippet:-1, max-image-preview:large, max-video-preview:-1\" \/>\n<link rel=\"canonical\" href=\"https:\/\/laurapalonen.fi\/index.php\/aitiyspalvelut\/\" \/>\n<meta property=\"og:locale\" content=\"fi_FI\" \/>\n<meta property=\"og:type\" content=\"article\" \/>\n<meta property=\"og:title\" content=\"\u00c4itiyspalvelut, vauva ja lapset - Laura Palonen - Feeling Me\" \/>\n<meta property=\"og:description\" content=\"\u00c4itiysajan vy\u00f6hyketerapiapalvelut Raskausajan vy\u00f6hyketerapia on ihanan lempe\u00e4, rentouttava ja kipuja helpottava hoito, joka rentouttaa kehoa ja mielt\u00e4! Hoitoa voidaan tehd\u00e4 koko raskauden ajan. Hoidossa kehoa hoidetaan vy\u00f6hyketerapian sek\u00e4 lempe\u00e4n hieronnan avulla. Vy\u00f6hyketerapian avulla voidaan helpottaa raskausajan vaivoja, kuten kehon j\u00e4nnityksi\u00e4 ja kipuja (liitoskivut, lihaskivut, j\u00e4nnitteet), parantaa aineenvaihduntaa, v\u00e4hent\u00e4\u00e4 turvotusta ja stressi\u00e4 ja auttaa rentoutumaan. Helpottaa [&hellip;]\" \/>\n<meta property=\"og:url\" content=\"https:\/\/laurapalonen.fi\/index.php\/aitiyspalvelut\/\" \/>\n<meta property=\"og:site_name\" content=\"Laura Palonen - Feeling Me\" \/>\n<meta property=\"article:modified_time\" content=\"2025-07-29T07:48:58+00:00\" \/>\n<meta property=\"og:image\" content=\"https:\/\/laurapalonen.fi\/wp-content\/uploads\/2025\/07\/IMG-20240730-WA0041.jpg\" \/>\n\t<meta property=\"og:image:width\" content=\"1153\" \/>\n\t<meta property=\"og:image:height\" content=\"1600\" \/>\n\t<meta property=\"og:image:type\" content=\"image\/jpeg\" \/>\n<meta name=\"twitter:card\" content=\"summary_large_image\" \/>\n<meta name=\"twitter:label1\" content=\"Arvioitu lukuaika\" \/>\n\t<meta name=\"twitter:data1\" content=\"3 minuuttia\" \/>\n<script type=\"application\/ld+json\" class=\"yoast-schema-graph\">{\"@context\":\"https:\/\/schema.org\",\"@graph\":[{\"@type\":\"WebPage\",\"@id\":\"https:\/\/laurapalonen.fi\/index.php\/aitiyspalvelut\/\",\"url\":\"https:\/\/laurapalonen.fi\/index.php\/aitiyspalvelut\/\",\"name\":\"\u00c4itiyspalvelut, vauva ja lapset - Laura Palonen - Feeling Me\",\"isPartOf\":{\"@id\":\"https:\/\/laurapalonen.fi\/#website\"},\"primaryImageOfPage\":{\"@id\":\"https:\/\/laurapalonen.fi\/index.php\/aitiyspalvelut\/#primaryimage\"},\"image\":{\"@id\":\"https:\/\/laurapalonen.fi\/index.php\/aitiyspalvelut\/#primaryimage\"},\"thumbnailUrl\":\"https:\/\/laurapalonen.fi\/wp-content\/uploads\/2025\/07\/IMG-20240730-WA0041-216x300.jpg\",\"datePublished\":\"2025-05-10T17:21:11+00:00\",\"dateModified\":\"2025-07-29T07:48:58+00:00\",\"breadcrumb\":{\"@id\":\"https:\/\/laurapalonen.fi\/index.php\/aitiyspalvelut\/#breadcrumb\"},\"inLanguage\":\"fi\",\"potentialAction\":[{\"@type\":\"ReadAction\",\"target\":[\"https:\/\/laurapalonen.fi\/index.php\/aitiyspalvelut\/\"]}]},{\"@type\":\"ImageObject\",\"inLanguage\":\"fi\",\"@id\":\"https:\/\/laurapalonen.fi\/index.php\/aitiyspalvelut\/#primaryimage\",\"url\":\"https:\/\/laurapalonen.fi\/wp-content\/uploads\/2025\/07\/IMG-20240730-WA0041.jpg\",\"contentUrl\":\"https:\/\/laurapalonen.fi\/wp-content\/uploads\/2025\/07\/IMG-20240730-WA0041.jpg\",\"width\":1153,\"height\":1600},{\"@type\":\"BreadcrumbList\",\"@id\":\"https:\/\/laurapalonen.fi\/index.php\/aitiyspalvelut\/#breadcrumb\",\"itemListElement\":[{\"@type\":\"ListItem\",\"position\":1,\"name\":\"Home\",\"item\":\"https:\/\/laurapalonen.fi\/\"},{\"@type\":\"ListItem\",\"position\":2,\"name\":\"\u00c4itiyspalvelut, vauva ja lapset\"}]},{\"@type\":\"WebSite\",\"@id\":\"https:\/\/laurapalonen.fi\/#website\",\"url\":\"https:\/\/laurapalonen.fi\/\",\"name\":\"Laura Palonen - Feeling Me\",\"description\":\"Tunnevy\u00f6hyketerapia, vy\u00f6hyketerapia, odottavan \u00e4idin monipuoliset palvelut | Varsinais-Suomi, Raisio\",\"publisher\":{\"@id\":\"https:\/\/laurapalonen.fi\/#organization\"},\"potentialAction\":[{\"@type\":\"SearchAction\",\"target\":{\"@type\":\"EntryPoint\",\"urlTemplate\":\"https:\/\/laurapalonen.fi\/?s={search_term_string}\"},\"query-input\":{\"@type\":\"PropertyValueSpecification\",\"valueRequired\":true,\"valueName\":\"search_term_string\"}}],\"inLanguage\":\"fi\"},{\"@type\":\"Organization\",\"@id\":\"https:\/\/laurapalonen.fi\/#organization\",\"name\":\"Laura Palonen - Feeling Me\",\"url\":\"https:\/\/laurapalonen.fi\/\",\"logo\":{\"@type\":\"ImageObject\",\"inLanguage\":\"fi\",\"@id\":\"https:\/\/laurapalonen.fi\/#\/schema\/logo\/image\/\",\"url\":\"https:\/\/laurapalonen.fi\/wp-content\/uploads\/2025\/05\/cropped-Laura-Palonen-Feeling-Me-taustaton-kapea-musta-scaled-1.png\",\"contentUrl\":\"https:\/\/laurapalonen.fi\/wp-content\/uploads\/2025\/05\/cropped-Laura-Palonen-Feeling-Me-taustaton-kapea-musta-scaled-1.png\",\"width\":2560,\"height\":669,\"caption\":\"Laura Palonen - Feeling Me\"},\"image\":{\"@id\":\"https:\/\/laurapalonen.fi\/#\/schema\/logo\/image\/\"}}]}<\/script>\n<!-- \/ Yoast SEO plugin. -->","yoast_head_json":{"title":"\u00c4itiyspalvelut, vauva ja lapset - Laura Palonen - Feeling Me","robots":{"index":"index","follow":"follow","max-snippet":"max-snippet:-1","max-image-preview":"max-image-preview:large","max-video-preview":"max-video-preview:-1"},"canonical":"https:\/\/laurapalonen.fi\/index.php\/aitiyspalvelut\/","og_locale":"fi_FI","og_type":"article","og_title":"\u00c4itiyspalvelut, vauva ja lapset - Laura Palonen - Feeling Me","og_description":"\u00c4itiysajan vy\u00f6hyketerapiapalvelut Raskausajan vy\u00f6hyketerapia on ihanan lempe\u00e4, rentouttava ja kipuja helpottava hoito, joka rentouttaa kehoa ja mielt\u00e4! Hoitoa voidaan tehd\u00e4 koko raskauden ajan. Hoidossa kehoa hoidetaan vy\u00f6hyketerapian sek\u00e4 lempe\u00e4n hieronnan avulla. Vy\u00f6hyketerapian avulla voidaan helpottaa raskausajan vaivoja, kuten kehon j\u00e4nnityksi\u00e4 ja kipuja (liitoskivut, lihaskivut, j\u00e4nnitteet), parantaa aineenvaihduntaa, v\u00e4hent\u00e4\u00e4 turvotusta ja stressi\u00e4 ja auttaa rentoutumaan. Helpottaa [&hellip;]","og_url":"https:\/\/laurapalonen.fi\/index.php\/aitiyspalvelut\/","og_site_name":"Laura Palonen - Feeling Me","article_modified_time":"2025-07-29T07:48:58+00:00","og_image":[{"width":1153,"height":1600,"url":"https:\/\/laurapalonen.fi\/wp-content\/uploads\/2025\/07\/IMG-20240730-WA0041.jpg","type":"image\/jpeg"}],"twitter_card":"summary_large_image","twitter_misc":{"Arvioitu lukuaika":"3 minuuttia"},"schema":{"@context":"https:\/\/schema.org","@graph":[{"@type":"WebPage","@id":"https:\/\/laurapalonen.fi\/index.php\/aitiyspalvelut\/","url":"https:\/\/laurapalonen.fi\/index.php\/aitiyspalvelut\/","name":"\u00c4itiyspalvelut, vauva ja lapset - Laura Palonen - Feeling Me","isPartOf":{"@id":"https:\/\/laurapalonen.fi\/#website"},"primaryImageOfPage":{"@id":"https:\/\/laurapalonen.fi\/index.php\/aitiyspalvelut\/#primaryimage"},"image":{"@id":"https:\/\/laurapalonen.fi\/index.php\/aitiyspalvelut\/#primaryimage"},"thumbnailUrl":"https:\/\/laurapalonen.fi\/wp-content\/uploads\/2025\/07\/IMG-20240730-WA0041-216x300.jpg","datePublished":"2025-05-10T17:21:11+00:00","dateModified":"2025-07-29T07:48:58+00:00","breadcrumb":{"@id":"https:\/\/laurapalonen.fi\/index.php\/aitiyspalvelut\/#breadcrumb"},"inLanguage":"fi","potentialAction":[{"@type":"ReadAction","target":["https:\/\/laurapalonen.fi\/index.php\/aitiyspalvelut\/"]}]},{"@type":"ImageObject","inLanguage":"fi","@id":"https:\/\/laurapalonen.fi\/index.php\/aitiyspalvelut\/#primaryimage","url":"https:\/\/laurapalonen.fi\/wp-content\/uploads\/2025\/07\/IMG-20240730-WA0041.jpg","contentUrl":"https:\/\/laurapalonen.fi\/wp-content\/uploads\/2025\/07\/IMG-20240730-WA0041.jpg","width":1153,"height":1600},{"@type":"BreadcrumbList","@id":"https:\/\/laurapalonen.fi\/index.php\/aitiyspalvelut\/#breadcrumb","itemListElement":[{"@type":"ListItem","position":1,"name":"Home","item":"https:\/\/laurapalonen.fi\/"},{"@type":"ListItem","position":2,"name":"\u00c4itiyspalvelut, vauva ja lapset"}]},{"@type":"WebSite","@id":"https:\/\/laurapalonen.fi\/#website","url":"https:\/\/laurapalonen.fi\/","name":"Laura Palonen - Feeling Me","description":"Tunnevy\u00f6hyketerapia, vy\u00f6hyketerapia, odottavan \u00e4idin monipuoliset palvelut | Varsinais-Suomi, Raisio","publisher":{"@id":"https:\/\/laurapalonen.fi\/#organization"},"potentialAction":[{"@type":"SearchAction","target":{"@type":"EntryPoint","urlTemplate":"https:\/\/laurapalonen.fi\/?s={search_term_string}"},"query-input":{"@type":"PropertyValueSpecification","valueRequired":true,"valueName":"search_term_string"}}],"inLanguage":"fi"},{"@type":"Organization","@id":"https:\/\/laurapalonen.fi\/#organization","name":"Laura Palonen - Feeling Me","url":"https:\/\/laurapalonen.fi\/","logo":{"@type":"ImageObject","inLanguage":"fi","@id":"https:\/\/laurapalonen.fi\/#\/schema\/logo\/image\/","url":"https:\/\/laurapalonen.fi\/wp-content\/uploads\/2025\/05\/cropped-Laura-Palonen-Feeling-Me-taustaton-kapea-musta-scaled-1.png","contentUrl":"https:\/\/laurapalonen.fi\/wp-content\/uploads\/2025\/05\/cropped-Laura-Palonen-Feeling-Me-taustaton-kapea-musta-scaled-1.png","width":2560,"height":669,"caption":"Laura Palonen - Feeling Me"},"image":{"@id":"https:\/\/laurapalonen.fi\/#\/schema\/logo\/image\/"}}]}},"_links":{"self":[{"href":"https:\/\/laurapalonen.fi\/index.php\/wp-json\/wp\/v2\/pages\/65","targetHints":{"allow":["GET"]}}],"collection":[{"href":"https:\/\/laurapalonen.fi\/index.php\/wp-json\/wp\/v2\/pages"}],"about":[{"href":"https:\/\/laurapalonen.fi\/index.php\/wp-json\/wp\/v2\/types\/page"}],"author":[{"embeddable":true,"href":"https:\/\/laurapalonen.fi\/index.php\/wp-json\/wp\/v2\/users\/1"}],"replies":[{"embeddable":true,"href":"https:\/\/laurapalonen.fi\/index.php\/wp-json\/wp\/v2\/comments?post=65"}],"version-history":[{"count":21,"href":"https:\/\/laurapalonen.fi\/index.php\/wp-json\/wp\/v2\/pages\/65\/revisions"}],"predecessor-version":[{"id":255,"href":"https:\/\/laurapalonen.fi\/index.php\/wp-json\/wp\/v2\/pages\/65\/revisions\/255"}],"wp:attachment":[{"href":"https:\/\/laurapalonen.fi\/index.php\/wp-json\/wp\/v2\/media?parent=65"}],"curies":[{"name":"wp","href":"https:\/\/api.w.org\/{rel}","templated":true}]}}