{"id":22,"date":"2025-05-10T16:53:28","date_gmt":"2025-05-10T16:53:28","guid":{"rendered":"https:\/\/laurapalonen.fi\/?page_id=22"},"modified":"2025-07-29T07:57:28","modified_gmt":"2025-07-29T07:57:28","slug":"ajanvaraus","status":"publish","type":"page","link":"https:\/\/laurapalonen.fi\/index.php\/ajanvaraus\/","title":{"rendered":"Ajanvaraus"},"content":{"rendered":"<style>.elementor-22 .elementor-element.elementor-element-2073bf1{--display:flex;--min-height:1000px;}.elementor-22 .elementor-element.elementor-element-2073bf1.e-con{--flex-grow:0;--flex-shrink:0;}.elementor-widget-text-editor{font-family:var( --e-global-typography-text-font-family ), Sans-serif;font-weight:var( --e-global-typography-text-font-weight );color:var( --e-global-color-text );}.elementor-widget-text-editor.elementor-drop-cap-view-stacked .elementor-drop-cap{background-color:var( --e-global-color-primary );}.elementor-widget-text-editor.elementor-drop-cap-view-framed .elementor-drop-cap, .elementor-widget-text-editor.elementor-drop-cap-view-default .elementor-drop-cap{color:var( --e-global-color-primary );border-color:var( --e-global-color-primary );}.elementor-22 .elementor-element.elementor-element-f557f93{width:var( --container-widget-width, 117.033% );max-width:117.033%;--container-widget-width:117.033%;--container-widget-flex-grow:0;}.elementor-22 .elementor-element.elementor-element-f557f93.elementor-element{--flex-grow:0;--flex-shrink:0;}@media(min-width:768px){.elementor-22 .elementor-element.elementor-element-2073bf1{--width:100%;}}<\/style>\t\t<div data-elementor-type=\"wp-page\" data-elementor-id=\"22\" class=\"elementor elementor-22\">\n\t\t\t\t<div class=\"elementor-element elementor-element-2073bf1 e-con-full e-flex e-con e-parent\" data-id=\"2073bf1\" data-element_type=\"container\">\n\t\t\t\t<div class=\"elementor-element elementor-element-6e256b2 elementor-widget elementor-widget-text-editor\" data-id=\"6e256b2\" data-element_type=\"widget\" data-widget_type=\"text-editor.default\">\n\t\t\t\t<div class=\"elementor-widget-container\">\n\t\t\t\t\t\t\t\t\t<p>Palveluni l\u00f6yd\u00e4t kohdista:<\/p><ul><li>Vy\u00f6hyketerapiapalvelut<\/li><li>\u00c4itiysajan palvelut sek\u00e4 vauvojenhoito<\/li><\/ul>\t\t\t\t\t\t\t\t<\/div>\n\t\t\t\t<\/div>\n\t\t\t\t<div class=\"elementor-element elementor-element-f557f93 elementor-widget__width-initial elementor-widget elementor-widget-shortcode\" data-id=\"f557f93\" data-element_type=\"widget\" data-widget_type=\"shortcode.default\">\n\t\t\t\t<div class=\"elementor-widget-container\">\n\t\t\t\t\t\t\t<div class=\"elementor-shortcode\"><style>\n       .errordiv { padding:10px; margin:10px; border: 1px solid #555555;color: #000000;background-color: #f8f8f8; width:500px; }#advanced_iframe {visibility:visible;opacity:1;vertical-align:top;}.ai-info-bottom-iframe { position: fixed; z-index: 10000; bottom:0; left: 0; margin: 0px; text-align: center; width: 100%; background-color: #ff9999; padding-left: 5px;padding-bottom: 5px; border-top: 1px solid #aaa } a.ai-bold {font-weight: bold;}#ai-layer-div-advanced_iframe p {height:100%;margin:0;padding:0}<\/style><script type=\"text\/javascript\">var ai_iframe_width_advanced_iframe = 0;var ai_iframe_height_advanced_iframe = 0;function aiReceiveMessageadvanced_iframe(event) {  aiProcessMessage(event,\"advanced_iframe\", \"true\");}if (window.addEventListener) {  window.addEventListener(\"message\", aiReceiveMessageadvanced_iframe);} else if (el.attachEvent)  {  el.attachEvent(\"message\", aiReceiveMessageadvanced_iframe);}var aiOnloadScrollTop=\"true\";var aiShowDebug=false;\n\t\tif (typeof aiReadyCallbacks === 'undefined') {\n\t\t\tvar aiReadyCallbacks = [];\n\t\t} else if (!(aiReadyCallbacks instanceof Array)) {\n\t\t\tvar aiReadyCallbacks = [];\n\t\t}    function aiShowIframeId(id_iframe) { jQuery(\"#\"+id_iframe).css(\"visibility\", \"visible\");    }    function aiResizeIframeHeight(height) { aiResizeIframeHeight(height,advanced_iframe); }    function aiResizeIframeHeightId(height,width,id) {aiResizeIframeHeightById(id,height);}<\/script><iframe id=\"advanced_iframe\"  name=\"advanced_iframe\"  src=\"https:\/\/booksalon.fi\/extensia-hyvinvointikeskus\"  width=\"100%\"  height=\"1500\"  frameborder=\"0\"  border=\"0\"  allowtransparency=\"true\"  loading=\"lazy\"  style=\";border-width: 0px;;border: none;;width:100%;height:1500px;\" ><\/iframe><script type=\"text\/javascript\">var ifrm_advanced_iframe = document.getElementById(\"advanced_iframe\");var hiddenTabsDoneadvanced_iframe = false;\nfunction resizeCallbackadvanced_iframe() {}<\/script><script type=\"text\/javascript\"><\/script><p style=\"display:block !important; visibility:visible !important;margin: -18px 14px 0 0;padding-left: 3px;padding-top:3px;background: white; overflow: hidden; position: relative; line-height:15px;width: fit-content;\"><small style=\"display:block !important;visibility:visible !important\">powered by Advanced iFrame<\/small><\/p><\/div>\n\t\t\t\t\t\t<\/div>\n\t\t\t\t<\/div>\n\t\t\t\t<\/div>\n\t\t\t\t<\/div>\n\t\t","protected":false},"excerpt":{"rendered":"<p>Palveluni l\u00f6yd\u00e4t kohdista: Vy\u00f6hyketerapiapalvelut \u00c4itiysajan palvelut sek\u00e4 vauvojenhoito<\/p>\n","protected":false},"author":1,"featured_media":0,"parent":0,"menu_order":0,"comment_status":"closed","ping_status":"closed","template":"","meta":{"footnotes":""},"class_list":["post-22","page","type-page","status-publish","hentry"],"yoast_head":"<!-- This site is optimized with the Yoast SEO plugin v26.4 - https:\/\/yoast.com\/wordpress\/plugins\/seo\/ -->\n<title>Ajanvaraus - Laura Palonen - Feeling Me<\/title>\n<meta name=\"robots\" content=\"index, follow, max-snippet:-1, max-image-preview:large, max-video-preview:-1\" \/>\n<link rel=\"canonical\" href=\"https:\/\/laurapalonen.fi\/index.php\/ajanvaraus\/\" \/>\n<meta property=\"og:locale\" content=\"fi_FI\" \/>\n<meta property=\"og:type\" content=\"article\" \/>\n<meta property=\"og:title\" content=\"Ajanvaraus - Laura Palonen - Feeling Me\" \/>\n<meta property=\"og:description\" content=\"Palveluni l\u00f6yd\u00e4t kohdista: Vy\u00f6hyketerapiapalvelut \u00c4itiysajan palvelut sek\u00e4 vauvojenhoito\" \/>\n<meta property=\"og:url\" content=\"https:\/\/laurapalonen.fi\/index.php\/ajanvaraus\/\" \/>\n<meta property=\"og:site_name\" content=\"Laura Palonen - Feeling Me\" \/>\n<meta property=\"article:modified_time\" content=\"2025-07-29T07:57:28+00:00\" \/>\n<meta name=\"twitter:card\" content=\"summary_large_image\" \/>\n<meta name=\"twitter:label1\" content=\"Arvioitu lukuaika\" \/>\n\t<meta name=\"twitter:data1\" content=\"1 minuutti\" \/>\n<script type=\"application\/ld+json\" class=\"yoast-schema-graph\">{\"@context\":\"https:\/\/schema.org\",\"@graph\":[{\"@type\":\"WebPage\",\"@id\":\"https:\/\/laurapalonen.fi\/index.php\/ajanvaraus\/\",\"url\":\"https:\/\/laurapalonen.fi\/index.php\/ajanvaraus\/\",\"name\":\"Ajanvaraus - Laura Palonen - Feeling Me\",\"isPartOf\":{\"@id\":\"https:\/\/laurapalonen.fi\/#website\"},\"datePublished\":\"2025-05-10T16:53:28+00:00\",\"dateModified\":\"2025-07-29T07:57:28+00:00\",\"breadcrumb\":{\"@id\":\"https:\/\/laurapalonen.fi\/index.php\/ajanvaraus\/#breadcrumb\"},\"inLanguage\":\"fi\",\"potentialAction\":[{\"@type\":\"ReadAction\",\"target\":[\"https:\/\/laurapalonen.fi\/index.php\/ajanvaraus\/\"]}]},{\"@type\":\"BreadcrumbList\",\"@id\":\"https:\/\/laurapalonen.fi\/index.php\/ajanvaraus\/#breadcrumb\",\"itemListElement\":[{\"@type\":\"ListItem\",\"position\":1,\"name\":\"Home\",\"item\":\"https:\/\/laurapalonen.fi\/\"},{\"@type\":\"ListItem\",\"position\":2,\"name\":\"Ajanvaraus\"}]},{\"@type\":\"WebSite\",\"@id\":\"https:\/\/laurapalonen.fi\/#website\",\"url\":\"https:\/\/laurapalonen.fi\/\",\"name\":\"Laura Palonen - Feeling Me\",\"description\":\"Tunnevy\u00f6hyketerapia, vy\u00f6hyketerapia, odottavan \u00e4idin monipuoliset palvelut | Varsinais-Suomi, Raisio\",\"publisher\":{\"@id\":\"https:\/\/laurapalonen.fi\/#organization\"},\"potentialAction\":[{\"@type\":\"SearchAction\",\"target\":{\"@type\":\"EntryPoint\",\"urlTemplate\":\"https:\/\/laurapalonen.fi\/?s={search_term_string}\"},\"query-input\":{\"@type\":\"PropertyValueSpecification\",\"valueRequired\":true,\"valueName\":\"search_term_string\"}}],\"inLanguage\":\"fi\"},{\"@type\":\"Organization\",\"@id\":\"https:\/\/laurapalonen.fi\/#organization\",\"name\":\"Laura Palonen - Feeling Me\",\"url\":\"https:\/\/laurapalonen.fi\/\",\"logo\":{\"@type\":\"ImageObject\",\"inLanguage\":\"fi\",\"@id\":\"https:\/\/laurapalonen.fi\/#\/schema\/logo\/image\/\",\"url\":\"https:\/\/laurapalonen.fi\/wp-content\/uploads\/2025\/05\/cropped-Laura-Palonen-Feeling-Me-taustaton-kapea-musta-scaled-1.png\",\"contentUrl\":\"https:\/\/laurapalonen.fi\/wp-content\/uploads\/2025\/05\/cropped-Laura-Palonen-Feeling-Me-taustaton-kapea-musta-scaled-1.png\",\"width\":2560,\"height\":669,\"caption\":\"Laura Palonen - Feeling Me\"},\"image\":{\"@id\":\"https:\/\/laurapalonen.fi\/#\/schema\/logo\/image\/\"}}]}<\/script>\n<!-- \/ Yoast SEO plugin. -->","yoast_head_json":{"title":"Ajanvaraus - Laura Palonen - Feeling Me","robots":{"index":"index","follow":"follow","max-snippet":"max-snippet:-1","max-image-preview":"max-image-preview:large","max-video-preview":"max-video-preview:-1"},"canonical":"https:\/\/laurapalonen.fi\/index.php\/ajanvaraus\/","og_locale":"fi_FI","og_type":"article","og_title":"Ajanvaraus - Laura Palonen - Feeling Me","og_description":"Palveluni l\u00f6yd\u00e4t kohdista: Vy\u00f6hyketerapiapalvelut \u00c4itiysajan palvelut sek\u00e4 vauvojenhoito","og_url":"https:\/\/laurapalonen.fi\/index.php\/ajanvaraus\/","og_site_name":"Laura Palonen - Feeling Me","article_modified_time":"2025-07-29T07:57:28+00:00","twitter_card":"summary_large_image","twitter_misc":{"Arvioitu lukuaika":"1 minuutti"},"schema":{"@context":"https:\/\/schema.org","@graph":[{"@type":"WebPage","@id":"https:\/\/laurapalonen.fi\/index.php\/ajanvaraus\/","url":"https:\/\/laurapalonen.fi\/index.php\/ajanvaraus\/","name":"Ajanvaraus - Laura Palonen - Feeling Me","isPartOf":{"@id":"https:\/\/laurapalonen.fi\/#website"},"datePublished":"2025-05-10T16:53:28+00:00","dateModified":"2025-07-29T07:57:28+00:00","breadcrumb":{"@id":"https:\/\/laurapalonen.fi\/index.php\/ajanvaraus\/#breadcrumb"},"inLanguage":"fi","potentialAction":[{"@type":"ReadAction","target":["https:\/\/laurapalonen.fi\/index.php\/ajanvaraus\/"]}]},{"@type":"BreadcrumbList","@id":"https:\/\/laurapalonen.fi\/index.php\/ajanvaraus\/#breadcrumb","itemListElement":[{"@type":"ListItem","position":1,"name":"Home","item":"https:\/\/laurapalonen.fi\/"},{"@type":"ListItem","position":2,"name":"Ajanvaraus"}]},{"@type":"WebSite","@id":"https:\/\/laurapalonen.fi\/#website","url":"https:\/\/laurapalonen.fi\/","name":"Laura Palonen - Feeling Me","description":"Tunnevy\u00f6hyketerapia, vy\u00f6hyketerapia, odottavan \u00e4idin monipuoliset palvelut | Varsinais-Suomi, Raisio","publisher":{"@id":"https:\/\/laurapalonen.fi\/#organization"},"potentialAction":[{"@type":"SearchAction","target":{"@type":"EntryPoint","urlTemplate":"https:\/\/laurapalonen.fi\/?s={search_term_string}"},"query-input":{"@type":"PropertyValueSpecification","valueRequired":true,"valueName":"search_term_string"}}],"inLanguage":"fi"},{"@type":"Organization","@id":"https:\/\/laurapalonen.fi\/#organization","name":"Laura Palonen - Feeling Me","url":"https:\/\/laurapalonen.fi\/","logo":{"@type":"ImageObject","inLanguage":"fi","@id":"https:\/\/laurapalonen.fi\/#\/schema\/logo\/image\/","url":"https:\/\/laurapalonen.fi\/wp-content\/uploads\/2025\/05\/cropped-Laura-Palonen-Feeling-Me-taustaton-kapea-musta-scaled-1.png","contentUrl":"https:\/\/laurapalonen.fi\/wp-content\/uploads\/2025\/05\/cropped-Laura-Palonen-Feeling-Me-taustaton-kapea-musta-scaled-1.png","width":2560,"height":669,"caption":"Laura Palonen - Feeling Me"},"image":{"@id":"https:\/\/laurapalonen.fi\/#\/schema\/logo\/image\/"}}]}},"_links":{"self":[{"href":"https:\/\/laurapalonen.fi\/index.php\/wp-json\/wp\/v2\/pages\/22","targetHints":{"allow":["GET"]}}],"collection":[{"href":"https:\/\/laurapalonen.fi\/index.php\/wp-json\/wp\/v2\/pages"}],"about":[{"href":"https:\/\/laurapalonen.fi\/index.php\/wp-json\/wp\/v2\/types\/page"}],"author":[{"embeddable":true,"href":"https:\/\/laurapalonen.fi\/index.php\/wp-json\/wp\/v2\/users\/1"}],"replies":[{"embeddable":true,"href":"https:\/\/laurapalonen.fi\/index.php\/wp-json\/wp\/v2\/comments?post=22"}],"version-history":[{"count":13,"href":"https:\/\/laurapalonen.fi\/index.php\/wp-json\/wp\/v2\/pages\/22\/revisions"}],"predecessor-version":[{"id":270,"href":"https:\/\/laurapalonen.fi\/index.php\/wp-json\/wp\/v2\/pages\/22\/revisions\/270"}],"wp:attachment":[{"href":"https:\/\/laurapalonen.fi\/index.php\/wp-json\/wp\/v2\/media?parent=22"}],"curies":[{"name":"wp","href":"https:\/\/api.w.org\/{rel}","templated":true}]}}