{"id":18,"date":"2025-05-10T16:53:28","date_gmt":"2025-05-10T16:53:28","guid":{"rendered":"https:\/\/laurapalonen.fi\/?page_id=18"},"modified":"2026-02-16T14:51:28","modified_gmt":"2026-02-16T14:51:28","slug":"hinnasto","status":"publish","type":"page","link":"https:\/\/laurapalonen.fi\/index.php\/hinnasto\/","title":{"rendered":"Hinnasto"},"content":{"rendered":"<style>.elementor-18 .elementor-element.elementor-element-d6201d9{--display:flex;}.elementor-widget-text-editor{font-family:var( --e-global-typography-text-font-family ), Sans-serif;font-weight:var( --e-global-typography-text-font-weight );color:var( --e-global-color-text );}.elementor-widget-text-editor.elementor-drop-cap-view-stacked .elementor-drop-cap{background-color:var( --e-global-color-primary );}.elementor-widget-text-editor.elementor-drop-cap-view-framed .elementor-drop-cap, .elementor-widget-text-editor.elementor-drop-cap-view-default .elementor-drop-cap{color:var( --e-global-color-primary );border-color:var( --e-global-color-primary );}.elementor-18 .elementor-element.elementor-element-f33e24c{--display:flex;--flex-direction:row;--container-widget-width:initial;--container-widget-height:100%;--container-widget-flex-grow:1;--container-widget-align-self:stretch;--flex-wrap-mobile:wrap;--gap:0px 0px;--row-gap:0px;--column-gap:0px;}.elementor-18 .elementor-element.elementor-element-39a67f1{--display:flex;--flex-direction:column;--container-widget-width:100%;--container-widget-height:initial;--container-widget-flex-grow:0;--container-widget-align-self:initial;--flex-wrap-mobile:wrap;}.elementor-18 .elementor-element.elementor-element-d4c120d{--display:flex;--flex-direction:column;--container-widget-width:100%;--container-widget-height:initial;--container-widget-flex-grow:0;--container-widget-align-self:initial;--flex-wrap-mobile:wrap;}@media(min-width:768px){.elementor-18 .elementor-element.elementor-element-39a67f1{--width:50%;}.elementor-18 .elementor-element.elementor-element-d4c120d{--width:50%;}}<\/style>\t\t<div data-elementor-type=\"wp-page\" data-elementor-id=\"18\" class=\"elementor elementor-18\">\n\t\t\t\t<div class=\"elementor-element elementor-element-d6201d9 e-flex e-con-boxed e-con e-parent\" data-id=\"d6201d9\" data-element_type=\"container\" data-settings=\"{&quot;background_background&quot;:&quot;gradient&quot;}\">\n\t\t\t\t\t<div class=\"e-con-inner\">\n\t\t\t\t<div class=\"elementor-element elementor-element-e7722ae elementor-widget elementor-widget-text-editor\" data-id=\"e7722ae\" data-element_type=\"widget\" data-widget_type=\"text-editor.default\">\n\t\t\t\t<div class=\"elementor-widget-container\">\n\t\t\t\t\t\t\t\t\t<h3><span class=\"wnd-font-size-80 wsw-02\">\u2665 Tunnevy\u00f6hyketerapia <\/span><\/h3><h3><span class=\"wnd-font-size-80\">120min \/ 95\u20ac<\/span><\/h3><h3><span class=\"wnd-font-size-80\"><span class=\"wsw-02\">\u2665 Moderni vy\u00f6hyketerapia <\/span><\/span><\/h3><h3><span class=\"wnd-font-size-80\">90min \/ 83\u20ac<\/span><\/h3><h3 class=\"wnd-align-left\"><span class=\"wnd-font-size-80\"><span class=\"wsw-02\">\u2665 Rentouttava vy\u00f6hyketerapia <\/span><\/span><\/h3><h3 class=\"wnd-align-left\"><span class=\"wnd-font-size-80\">60min \/ 68\u20ac <\/span><span class=\"wnd-font-size-80\">90min \/ 80\u20ac<\/span><\/h3><h3 class=\"wnd-align-left\"><span class=\"wnd-font-size-80\"><span class=\"wsw-02\">\u2665 Jalkojen vy\u00f6hyketerapia<\/span><\/span><\/h3><h3 class=\"wnd-align-left\"><span class=\"wnd-font-size-80\">30min \/ 41\u20ac<\/span><\/h3><h3><span class=\"wsw-02 wnd-font-size-80\">\u2665 Raskausajan vy\u00f6hyketerapia<br \/><\/span><\/h3><h3><span class=\"wnd-font-size-80\">75min \/ 75\u20ac<\/span><\/h3><h3><span class=\"wsw-02 wnd-font-size-110\" data-l-w=\"false\">\u2665 Raskausajan tunnevy\u00f6hyketerapia<\/span><\/h3><h3><span class=\"wnd-font-size-80\">90min \/ 85\u20ac<\/span><\/h3><h3><span class=\"wsw-02 wnd-font-size-80\">\u2665 Synnytykseen valmistava\/k\u00e4ynnist\u00e4v\u00e4 vy\u00f6hyketerapia<br \/><\/span><\/h3><h3><span class=\"wnd-font-size-80\">60min \/ 70\u20ac<\/span><\/h3><h3><span class=\"wsw-02 wnd-font-size-80\">\u2665 Synnytykseen valmistava ja rentouttava vy\u00f6hyketerapia<\/span><\/h3><h3><span class=\"wnd-font-size-80\">90min \/ 85\u20ac<\/span><\/h3><h3><span class=\"wsw-02 wnd-font-size-80\">\u2665 Synnytyksen j\u00e4lkeinen\/palauttava vy\u00f6hyketerapia<br \/><\/span><\/h3><h3><span class=\"wnd-font-size-80\">75min \/ 73\u20ac<\/span><\/h3><h3 class=\"wnd-align-left\"><span class=\"wnd-font-size-80\"><span class=\"wsw-02\">\u2665 Vauvojen vy\u00f6hyketerapia\/Baby Balance\u00ae<\/span><\/span><\/h3><h3 class=\"wnd-align-left\"><span class=\"wnd-font-size-80\">45min \/ 51\u20ac<br \/><\/span><\/h3><h3 class=\"wnd-align-left\"><span class=\"wnd-font-size-80\"><span class=\"wsw-02\">\u2665 Vauvojen vy\u00f6hyketerapia\/Baby Balance\u00ae +kieli-\/huulij\u00e4nteen leikkauksen j\u00e4lkihoito<\/span><\/span><\/h3><h3><span class=\"wnd-font-size-80\">60min \/ 66\u20ac<\/span><\/h3><h3><span class=\"wsw-02 wnd-font-size-80\">\u2665 \u00c4iti + vauva vy\u00f6hyketerapia<\/span><\/h3><h3><span class=\"wnd-font-size-80\">90min \/ 85\u20ac<\/span><\/h3><h3 class=\"wnd-align-left\"><span class=\"wnd-font-size-80\"><span class=\"wsw-02\">\u2665 Lasten (1-6v.) vy\u00f6hyketerapia<\/span><\/span><\/h3><h3 class=\"wnd-align-left\"><span class=\"wnd-font-size-80\">45min \/ 51\u20ac<\/span><\/h3><h3 class=\"wnd-align-left\"><span class=\"wnd-font-size-80 wsw-02\">\u2665 Lasten (7-13v.) vy\u00f6hyketerapia<\/span><\/h3><h3 class=\"wnd-align-left\"><span class=\"wnd-font-size-80\">60min \/ 56\u20ac<\/span><\/h3><h3 class=\"wnd-align-left\"><span class=\"wnd-font-size-80 wsw-02\">\u2665 Imetysohjaus<\/span><\/h3><h3 class=\"wnd-align-left\"><span class=\"wnd-font-size-80\">60min \/ 63\u20ac<\/span><\/h3><h3 class=\"wnd-align-left\"><span class=\"wnd-font-size-80 wsw-02\">\u2665 Imetysohjaus + vauvojen vy\u00f6hyketerapia\/ Baby Balance\u00ae<\/span><\/h3><h3 class=\"wnd-align-left\"><span class=\"wnd-font-size-80\">75min \/ 76\u20ac<\/span><\/h3><h3><span class=\"wsw-02 wnd-font-size-80\">\u2665 Sektioarven tutkiminen + hoito<\/span><\/h3><h3><span class=\"wnd-font-size-80\">45min (ensik\u00e4ynti) \/ 46\u20ac<br \/><\/span><\/h3><h3><span class=\"wnd-font-size-80\">30min (jatkok\u00e4ynti) \/ 38\u20ac<\/span><\/h3><h3><span class=\"wsw-02 wnd-font-size-80\">\u2665 Erkauman tutkiminen + ohjaus<\/span><\/h3><h3><span class=\"wnd-font-size-80 wsw-05\">45min \/ 46\u20ac<\/span><\/h3><div><h3><span class=\"wsw-02 wnd-font-size-80\">\u2665 Erkauman + sektioarven tutkiminen\/hoito<\/span><\/h3><div><h3><span class=\"wnd-font-size-80\">60min \/ 61\u20ac<\/span><\/h3><\/div><\/div>\t\t\t\t\t\t\t\t<\/div>\n\t\t\t\t<\/div>\n\t\t\t\t\t<\/div>\n\t\t\t\t<\/div>\n\t\t<div class=\"elementor-element elementor-element-f33e24c e-flex e-con-boxed e-con e-parent\" data-id=\"f33e24c\" data-element_type=\"container\">\n\t\t\t\t\t<div class=\"e-con-inner\">\n\t\t<div class=\"elementor-element elementor-element-39a67f1 e-con-full e-flex e-con e-child\" data-id=\"39a67f1\" data-element_type=\"container\">\n\t\t\t\t<div class=\"elementor-element elementor-element-053ecc9 elementor-widget elementor-widget-text-editor\" data-id=\"053ecc9\" data-element_type=\"widget\" data-widget_type=\"text-editor.default\">\n\t\t\t\t<div class=\"elementor-widget-container\">\n\t\t\t\t\t\t\t\t\t<p><span style=\"color: #000000;\">Jumppien, kurssien ja workshopien hinnat n\u00e4et niille suunnatulla v\u00e4lilehdell\u00e4. <\/span><\/p><p><span style=\"color: #000000;\">Personal training -palveluista voit kysy\u00e4 s\u00e4hk\u00f6postitse laura@laurapalonen.fi<\/span><\/p>\t\t\t\t\t\t\t\t<\/div>\n\t\t\t\t<\/div>\n\t\t\t\t<\/div>\n\t\t<div class=\"elementor-element elementor-element-d4c120d e-con-full e-flex e-con e-child\" data-id=\"d4c120d\" data-element_type=\"container\">\n\t\t\t\t<\/div>\n\t\t\t\t\t<\/div>\n\t\t\t\t<\/div>\n\t\t\t\t<\/div>\n\t\t","protected":false},"excerpt":{"rendered":"<p>\u2665 Tunnevy\u00f6hyketerapia 120min \/ 95\u20ac \u2665 Moderni vy\u00f6hyketerapia 90min \/ 83\u20ac \u2665 Rentouttava vy\u00f6hyketerapia 60min \/ 68\u20ac 90min \/ 80\u20ac \u2665 Jalkojen vy\u00f6hyketerapia 30min \/ 41\u20ac \u2665 Raskausajan vy\u00f6hyketerapia 75min \/ 75\u20ac \u2665 Raskausajan tunnevy\u00f6hyketerapia 90min \/ 85\u20ac \u2665 Synnytykseen valmistava\/k\u00e4ynnist\u00e4v\u00e4 vy\u00f6hyketerapia 60min \/ 70\u20ac \u2665 Synnytykseen valmistava ja rentouttava vy\u00f6hyketerapia 90min \/ 85\u20ac \u2665 [&hellip;]<\/p>\n","protected":false},"author":1,"featured_media":0,"parent":0,"menu_order":0,"comment_status":"closed","ping_status":"closed","template":"","meta":{"footnotes":""},"class_list":["post-18","page","type-page","status-publish","hentry"],"yoast_head":"<!-- This site is optimized with the Yoast SEO plugin v26.4 - https:\/\/yoast.com\/wordpress\/plugins\/seo\/ -->\n<title>Hinnasto - Laura Palonen - Feeling Me<\/title>\n<meta name=\"robots\" content=\"index, follow, max-snippet:-1, max-image-preview:large, max-video-preview:-1\" \/>\n<link rel=\"canonical\" href=\"https:\/\/laurapalonen.fi\/index.php\/hinnasto\/\" \/>\n<meta property=\"og:locale\" content=\"fi_FI\" \/>\n<meta property=\"og:type\" content=\"article\" \/>\n<meta property=\"og:title\" content=\"Hinnasto - Laura Palonen - Feeling Me\" \/>\n<meta property=\"og:description\" content=\"\u2665 Tunnevy\u00f6hyketerapia 120min \/ 95\u20ac \u2665 Moderni vy\u00f6hyketerapia 90min \/ 83\u20ac \u2665 Rentouttava vy\u00f6hyketerapia 60min \/ 68\u20ac 90min \/ 80\u20ac \u2665 Jalkojen vy\u00f6hyketerapia 30min \/ 41\u20ac \u2665 Raskausajan vy\u00f6hyketerapia 75min \/ 75\u20ac \u2665 Raskausajan tunnevy\u00f6hyketerapia 90min \/ 85\u20ac \u2665 Synnytykseen valmistava\/k\u00e4ynnist\u00e4v\u00e4 vy\u00f6hyketerapia 60min \/ 70\u20ac \u2665 Synnytykseen valmistava ja rentouttava vy\u00f6hyketerapia 90min \/ 85\u20ac \u2665 [&hellip;]\" \/>\n<meta property=\"og:url\" content=\"https:\/\/laurapalonen.fi\/index.php\/hinnasto\/\" \/>\n<meta property=\"og:site_name\" content=\"Laura Palonen - Feeling Me\" \/>\n<meta property=\"article:modified_time\" content=\"2026-02-16T14:51:28+00:00\" \/>\n<meta name=\"twitter:card\" content=\"summary_large_image\" \/>\n<meta name=\"twitter:label1\" content=\"Arvioitu lukuaika\" \/>\n\t<meta name=\"twitter:data1\" content=\"1 minuutti\" \/>\n<script type=\"application\/ld+json\" class=\"yoast-schema-graph\">{\"@context\":\"https:\/\/schema.org\",\"@graph\":[{\"@type\":\"WebPage\",\"@id\":\"https:\/\/laurapalonen.fi\/index.php\/hinnasto\/\",\"url\":\"https:\/\/laurapalonen.fi\/index.php\/hinnasto\/\",\"name\":\"Hinnasto - Laura Palonen - Feeling Me\",\"isPartOf\":{\"@id\":\"https:\/\/laurapalonen.fi\/#website\"},\"datePublished\":\"2025-05-10T16:53:28+00:00\",\"dateModified\":\"2026-02-16T14:51:28+00:00\",\"breadcrumb\":{\"@id\":\"https:\/\/laurapalonen.fi\/index.php\/hinnasto\/#breadcrumb\"},\"inLanguage\":\"fi\",\"potentialAction\":[{\"@type\":\"ReadAction\",\"target\":[\"https:\/\/laurapalonen.fi\/index.php\/hinnasto\/\"]}]},{\"@type\":\"BreadcrumbList\",\"@id\":\"https:\/\/laurapalonen.fi\/index.php\/hinnasto\/#breadcrumb\",\"itemListElement\":[{\"@type\":\"ListItem\",\"position\":1,\"name\":\"Home\",\"item\":\"https:\/\/laurapalonen.fi\/\"},{\"@type\":\"ListItem\",\"position\":2,\"name\":\"Hinnasto\"}]},{\"@type\":\"WebSite\",\"@id\":\"https:\/\/laurapalonen.fi\/#website\",\"url\":\"https:\/\/laurapalonen.fi\/\",\"name\":\"Laura Palonen - Feeling Me\",\"description\":\"Tunnevy\u00f6hyketerapia, vy\u00f6hyketerapia, odottavan \u00e4idin monipuoliset palvelut | Varsinais-Suomi, Raisio\",\"publisher\":{\"@id\":\"https:\/\/laurapalonen.fi\/#organization\"},\"potentialAction\":[{\"@type\":\"SearchAction\",\"target\":{\"@type\":\"EntryPoint\",\"urlTemplate\":\"https:\/\/laurapalonen.fi\/?s={search_term_string}\"},\"query-input\":{\"@type\":\"PropertyValueSpecification\",\"valueRequired\":true,\"valueName\":\"search_term_string\"}}],\"inLanguage\":\"fi\"},{\"@type\":\"Organization\",\"@id\":\"https:\/\/laurapalonen.fi\/#organization\",\"name\":\"Laura Palonen - Feeling Me\",\"url\":\"https:\/\/laurapalonen.fi\/\",\"logo\":{\"@type\":\"ImageObject\",\"inLanguage\":\"fi\",\"@id\":\"https:\/\/laurapalonen.fi\/#\/schema\/logo\/image\/\",\"url\":\"https:\/\/laurapalonen.fi\/wp-content\/uploads\/2025\/05\/cropped-Laura-Palonen-Feeling-Me-taustaton-kapea-musta-scaled-1.png\",\"contentUrl\":\"https:\/\/laurapalonen.fi\/wp-content\/uploads\/2025\/05\/cropped-Laura-Palonen-Feeling-Me-taustaton-kapea-musta-scaled-1.png\",\"width\":2560,\"height\":669,\"caption\":\"Laura Palonen - Feeling Me\"},\"image\":{\"@id\":\"https:\/\/laurapalonen.fi\/#\/schema\/logo\/image\/\"}}]}<\/script>\n<!-- \/ Yoast SEO plugin. -->","yoast_head_json":{"title":"Hinnasto - Laura Palonen - Feeling Me","robots":{"index":"index","follow":"follow","max-snippet":"max-snippet:-1","max-image-preview":"max-image-preview:large","max-video-preview":"max-video-preview:-1"},"canonical":"https:\/\/laurapalonen.fi\/index.php\/hinnasto\/","og_locale":"fi_FI","og_type":"article","og_title":"Hinnasto - Laura Palonen - Feeling Me","og_description":"\u2665 Tunnevy\u00f6hyketerapia 120min \/ 95\u20ac \u2665 Moderni vy\u00f6hyketerapia 90min \/ 83\u20ac \u2665 Rentouttava vy\u00f6hyketerapia 60min \/ 68\u20ac 90min \/ 80\u20ac \u2665 Jalkojen vy\u00f6hyketerapia 30min \/ 41\u20ac \u2665 Raskausajan vy\u00f6hyketerapia 75min \/ 75\u20ac \u2665 Raskausajan tunnevy\u00f6hyketerapia 90min \/ 85\u20ac \u2665 Synnytykseen valmistava\/k\u00e4ynnist\u00e4v\u00e4 vy\u00f6hyketerapia 60min \/ 70\u20ac \u2665 Synnytykseen valmistava ja rentouttava vy\u00f6hyketerapia 90min \/ 85\u20ac \u2665 [&hellip;]","og_url":"https:\/\/laurapalonen.fi\/index.php\/hinnasto\/","og_site_name":"Laura Palonen - Feeling Me","article_modified_time":"2026-02-16T14:51:28+00:00","twitter_card":"summary_large_image","twitter_misc":{"Arvioitu lukuaika":"1 minuutti"},"schema":{"@context":"https:\/\/schema.org","@graph":[{"@type":"WebPage","@id":"https:\/\/laurapalonen.fi\/index.php\/hinnasto\/","url":"https:\/\/laurapalonen.fi\/index.php\/hinnasto\/","name":"Hinnasto - Laura Palonen - Feeling Me","isPartOf":{"@id":"https:\/\/laurapalonen.fi\/#website"},"datePublished":"2025-05-10T16:53:28+00:00","dateModified":"2026-02-16T14:51:28+00:00","breadcrumb":{"@id":"https:\/\/laurapalonen.fi\/index.php\/hinnasto\/#breadcrumb"},"inLanguage":"fi","potentialAction":[{"@type":"ReadAction","target":["https:\/\/laurapalonen.fi\/index.php\/hinnasto\/"]}]},{"@type":"BreadcrumbList","@id":"https:\/\/laurapalonen.fi\/index.php\/hinnasto\/#breadcrumb","itemListElement":[{"@type":"ListItem","position":1,"name":"Home","item":"https:\/\/laurapalonen.fi\/"},{"@type":"ListItem","position":2,"name":"Hinnasto"}]},{"@type":"WebSite","@id":"https:\/\/laurapalonen.fi\/#website","url":"https:\/\/laurapalonen.fi\/","name":"Laura Palonen - Feeling Me","description":"Tunnevy\u00f6hyketerapia, vy\u00f6hyketerapia, odottavan \u00e4idin monipuoliset palvelut | Varsinais-Suomi, Raisio","publisher":{"@id":"https:\/\/laurapalonen.fi\/#organization"},"potentialAction":[{"@type":"SearchAction","target":{"@type":"EntryPoint","urlTemplate":"https:\/\/laurapalonen.fi\/?s={search_term_string}"},"query-input":{"@type":"PropertyValueSpecification","valueRequired":true,"valueName":"search_term_string"}}],"inLanguage":"fi"},{"@type":"Organization","@id":"https:\/\/laurapalonen.fi\/#organization","name":"Laura Palonen - Feeling Me","url":"https:\/\/laurapalonen.fi\/","logo":{"@type":"ImageObject","inLanguage":"fi","@id":"https:\/\/laurapalonen.fi\/#\/schema\/logo\/image\/","url":"https:\/\/laurapalonen.fi\/wp-content\/uploads\/2025\/05\/cropped-Laura-Palonen-Feeling-Me-taustaton-kapea-musta-scaled-1.png","contentUrl":"https:\/\/laurapalonen.fi\/wp-content\/uploads\/2025\/05\/cropped-Laura-Palonen-Feeling-Me-taustaton-kapea-musta-scaled-1.png","width":2560,"height":669,"caption":"Laura Palonen - Feeling Me"},"image":{"@id":"https:\/\/laurapalonen.fi\/#\/schema\/logo\/image\/"}}]}},"_links":{"self":[{"href":"https:\/\/laurapalonen.fi\/index.php\/wp-json\/wp\/v2\/pages\/18","targetHints":{"allow":["GET"]}}],"collection":[{"href":"https:\/\/laurapalonen.fi\/index.php\/wp-json\/wp\/v2\/pages"}],"about":[{"href":"https:\/\/laurapalonen.fi\/index.php\/wp-json\/wp\/v2\/types\/page"}],"author":[{"embeddable":true,"href":"https:\/\/laurapalonen.fi\/index.php\/wp-json\/wp\/v2\/users\/1"}],"replies":[{"embeddable":true,"href":"https:\/\/laurapalonen.fi\/index.php\/wp-json\/wp\/v2\/comments?post=18"}],"version-history":[{"count":10,"href":"https:\/\/laurapalonen.fi\/index.php\/wp-json\/wp\/v2\/pages\/18\/revisions"}],"predecessor-version":[{"id":482,"href":"https:\/\/laurapalonen.fi\/index.php\/wp-json\/wp\/v2\/pages\/18\/revisions\/482"}],"wp:attachment":[{"href":"https:\/\/laurapalonen.fi\/index.php\/wp-json\/wp\/v2\/media?parent=18"}],"curies":[{"name":"wp","href":"https:\/\/api.w.org\/{rel}","templated":true}]}}