{"id":17,"date":"2025-05-10T16:53:28","date_gmt":"2025-05-10T16:53:28","guid":{"rendered":"https:\/\/laurapalonen.fi\/?page_id=17"},"modified":"2025-07-06T15:11:09","modified_gmt":"2025-07-06T15:11:09","slug":"neolife","status":"publish","type":"page","link":"https:\/\/laurapalonen.fi\/index.php\/neolife\/","title":{"rendered":"NeoLife"},"content":{"rendered":"<style>.elementor-17 .elementor-element.elementor-element-ea5701b{--display:flex;}.elementor-widget-image .widget-image-caption{color:var( --e-global-color-text );font-family:var( --e-global-typography-text-font-family ), Sans-serif;font-weight:var( --e-global-typography-text-font-weight );}.elementor-17 .elementor-element.elementor-element-08f370c{--display:flex;}.elementor-widget-text-editor{font-family:var( --e-global-typography-text-font-family ), Sans-serif;font-weight:var( --e-global-typography-text-font-weight );color:var( --e-global-color-text );}.elementor-widget-text-editor.elementor-drop-cap-view-stacked .elementor-drop-cap{background-color:var( --e-global-color-primary );}.elementor-widget-text-editor.elementor-drop-cap-view-framed .elementor-drop-cap, .elementor-widget-text-editor.elementor-drop-cap-view-default .elementor-drop-cap{color:var( --e-global-color-primary );border-color:var( --e-global-color-primary );}.elementor-17 .elementor-element.elementor-element-15a683a{--display:flex;}.elementor-widget-button .elementor-button{background-color:var( --e-global-color-accent );font-family:var( --e-global-typography-accent-font-family ), Sans-serif;font-weight:var( --e-global-typography-accent-font-weight );}.elementor-17 .elementor-element.elementor-element-6407c9c{--display:flex;}<\/style>\t\t<div data-elementor-type=\"wp-page\" data-elementor-id=\"17\" class=\"elementor elementor-17\">\n\t\t\t\t<div class=\"elementor-element elementor-element-ea5701b e-flex e-con-boxed e-con e-parent\" data-id=\"ea5701b\" data-element_type=\"container\">\n\t\t\t\t\t<div class=\"e-con-inner\">\n\t\t\t\t<div class=\"elementor-element elementor-element-3d2d741 elementor-widget elementor-widget-image\" data-id=\"3d2d741\" data-element_type=\"widget\" data-widget_type=\"image.default\">\n\t\t\t\t<div class=\"elementor-widget-container\">\n\t\t\t\t\t\t\t\t\t\t\t\t\t\t\t<img decoding=\"async\" src=\"https:\/\/laurapalonen.fi\/wp-content\/uploads\/elementor\/thumbs\/Neolife-logo-r8d5ghnfyryjff5oobzwxu0thfxf0pg54rtlnofzl4.jpg\" title=\"Neolife-logo\" alt=\"Neolife-logo\" loading=\"lazy\" \/>\t\t\t\t\t\t\t\t\t\t\t\t\t\t\t<\/div>\n\t\t\t\t<\/div>\n\t\t\t\t\t<\/div>\n\t\t\t\t<\/div>\n\t\t<div class=\"elementor-element elementor-element-08f370c e-flex e-con-boxed e-con e-parent\" data-id=\"08f370c\" data-element_type=\"container\">\n\t\t\t\t\t<div class=\"e-con-inner\">\n\t\t\t\t<div class=\"elementor-element elementor-element-39e2ced elementor-widget elementor-widget-text-editor\" data-id=\"39e2ced\" data-element_type=\"widget\" data-widget_type=\"text-editor.default\">\n\t\t\t\t<div class=\"elementor-widget-container\">\n\t\t\t\t\t\t\t\t\t<p>Minun kauttani saat tilattua ja ostettua NeoLife -tuotteita. NeoLifelta l\u00f6ytyy laadukkaita ravintolisi\u00e4, eko-sertifioidut luonnonkosmetiikkatuotteet sek\u00e4 valtaisan suositut puhdistustuotteet, kuten yleispesuaine Super10 ja LDC.\u00a0<\/p><p>Kurkkaa NeoLifen sivuilta tuotteesi, jonka haluat tilata ja laita minulle viesti\u00e4\/soita. S\u00e4hk\u00f6postini on laura.palonen@feelingme.fi ja numeroni on +358405384669. Voit tilata tuotteita suoraan NeoLifen nettisivujen kautta ja lis\u00e4\u00e4t &#8221;Valitse sponsorisi&#8221; -kohtaan Distributor ID 44 801842. Iso kiitos!\u00a0<\/p>\t\t\t\t\t\t\t\t<\/div>\n\t\t\t\t<\/div>\n\t\t\t\t\t<\/div>\n\t\t\t\t<\/div>\n\t\t<div class=\"elementor-element elementor-element-15a683a e-flex e-con-boxed e-con e-parent\" data-id=\"15a683a\" data-element_type=\"container\">\n\t\t\t\t\t<div class=\"e-con-inner\">\n\t\t\t\t<div class=\"elementor-element elementor-element-7a7e834 elementor-widget elementor-widget-button\" data-id=\"7a7e834\" data-element_type=\"widget\" data-widget_type=\"button.default\">\n\t\t\t\t<div class=\"elementor-widget-container\">\n\t\t\t\t\t\t\t\t\t<div class=\"elementor-button-wrapper\">\n\t\t\t\t\t<a class=\"elementor-button elementor-button-link elementor-size-sm\" href=\"\">\n\t\t\t\t\t\t<span class=\"elementor-button-content-wrapper\">\n\t\t\t\t\t\t\t\t\t<span class=\"elementor-button-text\">NeoLifen sivuille<\/span>\n\t\t\t\t\t<\/span>\n\t\t\t\t\t<\/a>\n\t\t\t\t<\/div>\n\t\t\t\t\t\t\t\t<\/div>\n\t\t\t\t<\/div>\n\t\t\t\t\t<\/div>\n\t\t\t\t<\/div>\n\t\t<div class=\"elementor-element elementor-element-6407c9c e-flex e-con-boxed e-con e-parent\" data-id=\"6407c9c\" data-element_type=\"container\">\n\t\t\t\t\t<div class=\"e-con-inner\">\n\t\t\t\t<div class=\"elementor-element elementor-element-5a700b5 elementor-widget elementor-widget-image\" data-id=\"5a700b5\" data-element_type=\"widget\" data-widget_type=\"image.default\">\n\t\t\t\t<div class=\"elementor-widget-container\">\n\t\t\t\t\t\t\t\t\t\t\t\t\t\t\t<img fetchpriority=\"high\" decoding=\"async\" width=\"300\" height=\"300\" src=\"https:\/\/laurapalonen.fi\/wp-content\/uploads\/2025\/07\/super10-300x300.webp\" class=\"attachment-medium size-medium wp-image-153\" alt=\"\" srcset=\"https:\/\/laurapalonen.fi\/wp-content\/uploads\/2025\/07\/super10-300x300.webp 300w, https:\/\/laurapalonen.fi\/wp-content\/uploads\/2025\/07\/super10-150x150.webp 150w, https:\/\/laurapalonen.fi\/wp-content\/uploads\/2025\/07\/super10.webp 350w\" sizes=\"(max-width: 300px) 100vw, 300px\" \/>\t\t\t\t\t\t\t\t\t\t\t\t\t\t\t<\/div>\n\t\t\t\t<\/div>\n\t\t\t\t\t<\/div>\n\t\t\t\t<\/div>\n\t\t\t\t<\/div>\n\t\t","protected":false},"excerpt":{"rendered":"<p>Minun kauttani saat tilattua ja ostettua NeoLife -tuotteita. NeoLifelta l\u00f6ytyy laadukkaita ravintolisi\u00e4, eko-sertifioidut luonnonkosmetiikkatuotteet sek\u00e4 valtaisan suositut puhdistustuotteet, kuten yleispesuaine Super10 ja LDC.\u00a0 Kurkkaa NeoLifen sivuilta tuotteesi, jonka haluat tilata ja laita minulle viesti\u00e4\/soita. S\u00e4hk\u00f6postini on laura.palonen@feelingme.fi ja numeroni on +358405384669. Voit tilata tuotteita suoraan NeoLifen nettisivujen kautta ja lis\u00e4\u00e4t &#8221;Valitse sponsorisi&#8221; -kohtaan Distributor ID [&hellip;]<\/p>\n","protected":false},"author":1,"featured_media":0,"parent":0,"menu_order":0,"comment_status":"closed","ping_status":"closed","template":"","meta":{"footnotes":""},"class_list":["post-17","page","type-page","status-publish","hentry"],"yoast_head":"<!-- This site is optimized with the Yoast SEO plugin v26.4 - https:\/\/yoast.com\/wordpress\/plugins\/seo\/ -->\n<title>NeoLife - Laura Palonen - Feeling Me<\/title>\n<meta name=\"robots\" content=\"index, follow, max-snippet:-1, max-image-preview:large, max-video-preview:-1\" \/>\n<link rel=\"canonical\" href=\"https:\/\/laurapalonen.fi\/index.php\/neolife\/\" \/>\n<meta property=\"og:locale\" content=\"fi_FI\" \/>\n<meta property=\"og:type\" content=\"article\" \/>\n<meta property=\"og:title\" content=\"NeoLife - Laura Palonen - Feeling Me\" \/>\n<meta property=\"og:description\" content=\"Minun kauttani saat tilattua ja ostettua NeoLife -tuotteita. NeoLifelta l\u00f6ytyy laadukkaita ravintolisi\u00e4, eko-sertifioidut luonnonkosmetiikkatuotteet sek\u00e4 valtaisan suositut puhdistustuotteet, kuten yleispesuaine Super10 ja LDC.\u00a0 Kurkkaa NeoLifen sivuilta tuotteesi, jonka haluat tilata ja laita minulle viesti\u00e4\/soita. S\u00e4hk\u00f6postini on laura.palonen@feelingme.fi ja numeroni on +358405384669. Voit tilata tuotteita suoraan NeoLifen nettisivujen kautta ja lis\u00e4\u00e4t &#8221;Valitse sponsorisi&#8221; -kohtaan Distributor ID [&hellip;]\" \/>\n<meta property=\"og:url\" content=\"https:\/\/laurapalonen.fi\/index.php\/neolife\/\" \/>\n<meta property=\"og:site_name\" content=\"Laura Palonen - Feeling Me\" \/>\n<meta property=\"article:modified_time\" content=\"2025-07-06T15:11:09+00:00\" \/>\n<meta property=\"og:image\" content=\"https:\/\/laurapalonen.fi\/wp-content\/uploads\/elementor\/thumbs\/Neolife-logo-r8d5ghnfyryjff5oobzwxu0thfxf0pg54rtlnofzl4.jpg\" \/>\n<meta name=\"twitter:card\" content=\"summary_large_image\" \/>\n<meta name=\"twitter:label1\" content=\"Arvioitu lukuaika\" \/>\n\t<meta name=\"twitter:data1\" content=\"1 minuutti\" \/>\n<script type=\"application\/ld+json\" class=\"yoast-schema-graph\">{\"@context\":\"https:\/\/schema.org\",\"@graph\":[{\"@type\":\"WebPage\",\"@id\":\"https:\/\/laurapalonen.fi\/index.php\/neolife\/\",\"url\":\"https:\/\/laurapalonen.fi\/index.php\/neolife\/\",\"name\":\"NeoLife - Laura Palonen - Feeling Me\",\"isPartOf\":{\"@id\":\"https:\/\/laurapalonen.fi\/#website\"},\"primaryImageOfPage\":{\"@id\":\"https:\/\/laurapalonen.fi\/index.php\/neolife\/#primaryimage\"},\"image\":{\"@id\":\"https:\/\/laurapalonen.fi\/index.php\/neolife\/#primaryimage\"},\"thumbnailUrl\":\"https:\/\/laurapalonen.fi\/wp-content\/uploads\/elementor\/thumbs\/Neolife-logo-r8d5ghnfyryjff5oobzwxu0thfxf0pg54rtlnofzl4.jpg\",\"datePublished\":\"2025-05-10T16:53:28+00:00\",\"dateModified\":\"2025-07-06T15:11:09+00:00\",\"breadcrumb\":{\"@id\":\"https:\/\/laurapalonen.fi\/index.php\/neolife\/#breadcrumb\"},\"inLanguage\":\"fi\",\"potentialAction\":[{\"@type\":\"ReadAction\",\"target\":[\"https:\/\/laurapalonen.fi\/index.php\/neolife\/\"]}]},{\"@type\":\"ImageObject\",\"inLanguage\":\"fi\",\"@id\":\"https:\/\/laurapalonen.fi\/index.php\/neolife\/#primaryimage\",\"url\":\"https:\/\/laurapalonen.fi\/wp-content\/uploads\/elementor\/thumbs\/Neolife-logo-r8d5ghnfyryjff5oobzwxu0thfxf0pg54rtlnofzl4.jpg\",\"contentUrl\":\"https:\/\/laurapalonen.fi\/wp-content\/uploads\/elementor\/thumbs\/Neolife-logo-r8d5ghnfyryjff5oobzwxu0thfxf0pg54rtlnofzl4.jpg\"},{\"@type\":\"BreadcrumbList\",\"@id\":\"https:\/\/laurapalonen.fi\/index.php\/neolife\/#breadcrumb\",\"itemListElement\":[{\"@type\":\"ListItem\",\"position\":1,\"name\":\"Home\",\"item\":\"https:\/\/laurapalonen.fi\/\"},{\"@type\":\"ListItem\",\"position\":2,\"name\":\"NeoLife\"}]},{\"@type\":\"WebSite\",\"@id\":\"https:\/\/laurapalonen.fi\/#website\",\"url\":\"https:\/\/laurapalonen.fi\/\",\"name\":\"Laura Palonen - Feeling Me\",\"description\":\"Tunnevy\u00f6hyketerapia, vy\u00f6hyketerapia, odottavan \u00e4idin monipuoliset palvelut | Varsinais-Suomi, Raisio\",\"publisher\":{\"@id\":\"https:\/\/laurapalonen.fi\/#organization\"},\"potentialAction\":[{\"@type\":\"SearchAction\",\"target\":{\"@type\":\"EntryPoint\",\"urlTemplate\":\"https:\/\/laurapalonen.fi\/?s={search_term_string}\"},\"query-input\":{\"@type\":\"PropertyValueSpecification\",\"valueRequired\":true,\"valueName\":\"search_term_string\"}}],\"inLanguage\":\"fi\"},{\"@type\":\"Organization\",\"@id\":\"https:\/\/laurapalonen.fi\/#organization\",\"name\":\"Laura Palonen - Feeling Me\",\"url\":\"https:\/\/laurapalonen.fi\/\",\"logo\":{\"@type\":\"ImageObject\",\"inLanguage\":\"fi\",\"@id\":\"https:\/\/laurapalonen.fi\/#\/schema\/logo\/image\/\",\"url\":\"https:\/\/laurapalonen.fi\/wp-content\/uploads\/2025\/05\/cropped-Laura-Palonen-Feeling-Me-taustaton-kapea-musta-scaled-1.png\",\"contentUrl\":\"https:\/\/laurapalonen.fi\/wp-content\/uploads\/2025\/05\/cropped-Laura-Palonen-Feeling-Me-taustaton-kapea-musta-scaled-1.png\",\"width\":2560,\"height\":669,\"caption\":\"Laura Palonen - Feeling Me\"},\"image\":{\"@id\":\"https:\/\/laurapalonen.fi\/#\/schema\/logo\/image\/\"}}]}<\/script>\n<!-- \/ Yoast SEO plugin. -->","yoast_head_json":{"title":"NeoLife - Laura Palonen - Feeling Me","robots":{"index":"index","follow":"follow","max-snippet":"max-snippet:-1","max-image-preview":"max-image-preview:large","max-video-preview":"max-video-preview:-1"},"canonical":"https:\/\/laurapalonen.fi\/index.php\/neolife\/","og_locale":"fi_FI","og_type":"article","og_title":"NeoLife - Laura Palonen - Feeling Me","og_description":"Minun kauttani saat tilattua ja ostettua NeoLife -tuotteita. NeoLifelta l\u00f6ytyy laadukkaita ravintolisi\u00e4, eko-sertifioidut luonnonkosmetiikkatuotteet sek\u00e4 valtaisan suositut puhdistustuotteet, kuten yleispesuaine Super10 ja LDC.\u00a0 Kurkkaa NeoLifen sivuilta tuotteesi, jonka haluat tilata ja laita minulle viesti\u00e4\/soita. S\u00e4hk\u00f6postini on laura.palonen@feelingme.fi ja numeroni on +358405384669. Voit tilata tuotteita suoraan NeoLifen nettisivujen kautta ja lis\u00e4\u00e4t &#8221;Valitse sponsorisi&#8221; -kohtaan Distributor ID [&hellip;]","og_url":"https:\/\/laurapalonen.fi\/index.php\/neolife\/","og_site_name":"Laura Palonen - Feeling Me","article_modified_time":"2025-07-06T15:11:09+00:00","og_image":[{"url":"https:\/\/laurapalonen.fi\/wp-content\/uploads\/elementor\/thumbs\/Neolife-logo-r8d5ghnfyryjff5oobzwxu0thfxf0pg54rtlnofzl4.jpg","type":"","width":"","height":""}],"twitter_card":"summary_large_image","twitter_misc":{"Arvioitu lukuaika":"1 minuutti"},"schema":{"@context":"https:\/\/schema.org","@graph":[{"@type":"WebPage","@id":"https:\/\/laurapalonen.fi\/index.php\/neolife\/","url":"https:\/\/laurapalonen.fi\/index.php\/neolife\/","name":"NeoLife - Laura Palonen - Feeling Me","isPartOf":{"@id":"https:\/\/laurapalonen.fi\/#website"},"primaryImageOfPage":{"@id":"https:\/\/laurapalonen.fi\/index.php\/neolife\/#primaryimage"},"image":{"@id":"https:\/\/laurapalonen.fi\/index.php\/neolife\/#primaryimage"},"thumbnailUrl":"https:\/\/laurapalonen.fi\/wp-content\/uploads\/elementor\/thumbs\/Neolife-logo-r8d5ghnfyryjff5oobzwxu0thfxf0pg54rtlnofzl4.jpg","datePublished":"2025-05-10T16:53:28+00:00","dateModified":"2025-07-06T15:11:09+00:00","breadcrumb":{"@id":"https:\/\/laurapalonen.fi\/index.php\/neolife\/#breadcrumb"},"inLanguage":"fi","potentialAction":[{"@type":"ReadAction","target":["https:\/\/laurapalonen.fi\/index.php\/neolife\/"]}]},{"@type":"ImageObject","inLanguage":"fi","@id":"https:\/\/laurapalonen.fi\/index.php\/neolife\/#primaryimage","url":"https:\/\/laurapalonen.fi\/wp-content\/uploads\/elementor\/thumbs\/Neolife-logo-r8d5ghnfyryjff5oobzwxu0thfxf0pg54rtlnofzl4.jpg","contentUrl":"https:\/\/laurapalonen.fi\/wp-content\/uploads\/elementor\/thumbs\/Neolife-logo-r8d5ghnfyryjff5oobzwxu0thfxf0pg54rtlnofzl4.jpg"},{"@type":"BreadcrumbList","@id":"https:\/\/laurapalonen.fi\/index.php\/neolife\/#breadcrumb","itemListElement":[{"@type":"ListItem","position":1,"name":"Home","item":"https:\/\/laurapalonen.fi\/"},{"@type":"ListItem","position":2,"name":"NeoLife"}]},{"@type":"WebSite","@id":"https:\/\/laurapalonen.fi\/#website","url":"https:\/\/laurapalonen.fi\/","name":"Laura Palonen - Feeling Me","description":"Tunnevy\u00f6hyketerapia, vy\u00f6hyketerapia, odottavan \u00e4idin monipuoliset palvelut | Varsinais-Suomi, Raisio","publisher":{"@id":"https:\/\/laurapalonen.fi\/#organization"},"potentialAction":[{"@type":"SearchAction","target":{"@type":"EntryPoint","urlTemplate":"https:\/\/laurapalonen.fi\/?s={search_term_string}"},"query-input":{"@type":"PropertyValueSpecification","valueRequired":true,"valueName":"search_term_string"}}],"inLanguage":"fi"},{"@type":"Organization","@id":"https:\/\/laurapalonen.fi\/#organization","name":"Laura Palonen - Feeling Me","url":"https:\/\/laurapalonen.fi\/","logo":{"@type":"ImageObject","inLanguage":"fi","@id":"https:\/\/laurapalonen.fi\/#\/schema\/logo\/image\/","url":"https:\/\/laurapalonen.fi\/wp-content\/uploads\/2025\/05\/cropped-Laura-Palonen-Feeling-Me-taustaton-kapea-musta-scaled-1.png","contentUrl":"https:\/\/laurapalonen.fi\/wp-content\/uploads\/2025\/05\/cropped-Laura-Palonen-Feeling-Me-taustaton-kapea-musta-scaled-1.png","width":2560,"height":669,"caption":"Laura Palonen - Feeling Me"},"image":{"@id":"https:\/\/laurapalonen.fi\/#\/schema\/logo\/image\/"}}]}},"_links":{"self":[{"href":"https:\/\/laurapalonen.fi\/index.php\/wp-json\/wp\/v2\/pages\/17","targetHints":{"allow":["GET"]}}],"collection":[{"href":"https:\/\/laurapalonen.fi\/index.php\/wp-json\/wp\/v2\/pages"}],"about":[{"href":"https:\/\/laurapalonen.fi\/index.php\/wp-json\/wp\/v2\/types\/page"}],"author":[{"embeddable":true,"href":"https:\/\/laurapalonen.fi\/index.php\/wp-json\/wp\/v2\/users\/1"}],"replies":[{"embeddable":true,"href":"https:\/\/laurapalonen.fi\/index.php\/wp-json\/wp\/v2\/comments?post=17"}],"version-history":[{"count":5,"href":"https:\/\/laurapalonen.fi\/index.php\/wp-json\/wp\/v2\/pages\/17\/revisions"}],"predecessor-version":[{"id":263,"href":"https:\/\/laurapalonen.fi\/index.php\/wp-json\/wp\/v2\/pages\/17\/revisions\/263"}],"wp:attachment":[{"href":"https:\/\/laurapalonen.fi\/index.php\/wp-json\/wp\/v2\/media?parent=17"}],"curies":[{"name":"wp","href":"https:\/\/api.w.org\/{rel}","templated":true}]}}