{"id":14,"date":"2025-05-10T16:53:28","date_gmt":"2025-05-10T16:53:28","guid":{"rendered":"https:\/\/laurapalonen.fi\/?page_id=14"},"modified":"2026-03-25T09:46:34","modified_gmt":"2026-03-25T09:46:34","slug":"ajankohtaista","status":"publish","type":"page","link":"https:\/\/laurapalonen.fi\/","title":{"rendered":"Etusivu"},"content":{"rendered":"<style>.elementor-14 .elementor-element.elementor-element-070e467{--display:flex;}.elementor-widget-text-editor{font-family:var( --e-global-typography-text-font-family ), Sans-serif;font-weight:var( --e-global-typography-text-font-weight );color:var( --e-global-color-text );}.elementor-widget-text-editor.elementor-drop-cap-view-stacked .elementor-drop-cap{background-color:var( --e-global-color-primary );}.elementor-widget-text-editor.elementor-drop-cap-view-framed .elementor-drop-cap, .elementor-widget-text-editor.elementor-drop-cap-view-default .elementor-drop-cap{color:var( --e-global-color-primary );border-color:var( --e-global-color-primary );}.elementor-widget-button .elementor-button{background-color:var( --e-global-color-accent );font-family:var( --e-global-typography-accent-font-family ), Sans-serif;font-weight:var( --e-global-typography-accent-font-weight );}.elementor-14 .elementor-element.elementor-element-75dfc06 .elementor-button{background-color:#CE61C9;}.elementor-14 .elementor-element.elementor-element-a4133df{text-align:center;color:#7A7A7A;}.elementor-14 .elementor-element.elementor-element-8ea8c56{--display:flex;--flex-direction:row;--container-widget-width:initial;--container-widget-height:100%;--container-widget-flex-grow:1;--container-widget-align-self:stretch;--flex-wrap-mobile:wrap;--gap:0px 0px;--row-gap:0px;--column-gap:0px;}.elementor-widget-image .widget-image-caption{color:var( --e-global-color-text );font-family:var( --e-global-typography-text-font-family ), Sans-serif;font-weight:var( --e-global-typography-text-font-weight );}.elementor-14 .elementor-element.elementor-element-f8f6747{text-align:left;}.elementor-14 .elementor-element.elementor-element-4807567{--display:flex;}.elementor-14 .elementor-element.elementor-element-e2beac4{font-family:\"Roboto\", Sans-serif;font-weight:400;}.elementor-14 .elementor-element.elementor-element-14dd3fd img{border-style:double;}.elementor-14 .elementor-element.elementor-element-1296290 .elementor-button{background-color:#FF55E5;}.elementor-14 .elementor-element.elementor-element-1321cbd{--display:flex;--flex-direction:column;--container-widget-width:100%;--container-widget-height:initial;--container-widget-flex-grow:0;--container-widget-align-self:initial;--flex-wrap-mobile:wrap;}.elementor-14 .elementor-element.elementor-element-57e245e .elementor-button{background-color:#FF5ECD;}.elementor-14 .elementor-element.elementor-element-8a7bbf9{--display:flex;--flex-direction:column;--container-widget-width:100%;--container-widget-height:initial;--container-widget-flex-grow:0;--container-widget-align-self:initial;--flex-wrap-mobile:wrap;}.elementor-14 .elementor-element.elementor-element-1ec5e38 .elementor-button{background-color:#FE56FA;}<\/style>\t\t<div data-elementor-type=\"wp-page\" data-elementor-id=\"14\" class=\"elementor elementor-14\">\n\t\t\t\t<div class=\"elementor-element elementor-element-070e467 e-flex e-con-boxed e-con e-parent\" data-id=\"070e467\" data-element_type=\"container\">\n\t\t\t\t\t<div class=\"e-con-inner\">\n\t\t\t\t<div class=\"elementor-element elementor-element-f349015 elementor-widget elementor-widget-text-editor\" data-id=\"f349015\" data-element_type=\"widget\" data-widget_type=\"text-editor.default\">\n\t\t\t\t<div class=\"elementor-widget-container\">\n\t\t\t\t\t\t\t\t\t<p>Lauran ulkojumpat Raisiossa on suunnitteilla kes\u00e4ksi 2026, vaikuta vastaamalla lyhyeen kyselyyn. Linkki alla. Aikaisempina vuosina olen ohjannut UlkoDancea, PuistoJoogaa ja Kes\u00e4Twerki\u00e4.<\/p>\t\t\t\t\t\t\t\t<\/div>\n\t\t\t\t<\/div>\n\t\t\t\t<div class=\"elementor-element elementor-element-75dfc06 elementor-align-center elementor-widget elementor-widget-button\" data-id=\"75dfc06\" data-element_type=\"widget\" data-widget_type=\"button.default\">\n\t\t\t\t<div class=\"elementor-widget-container\">\n\t\t\t\t\t\t\t\t\t<div class=\"elementor-button-wrapper\">\n\t\t\t\t\t<a class=\"elementor-button elementor-button-link elementor-size-sm\" href=\"\">\n\t\t\t\t\t\t<span class=\"elementor-button-content-wrapper\">\n\t\t\t\t\t\t\t\t\t<span class=\"elementor-button-text\">Linkki ulkojumppakyselyyn<\/span>\n\t\t\t\t\t<\/span>\n\t\t\t\t\t<\/a>\n\t\t\t\t<\/div>\n\t\t\t\t\t\t\t\t<\/div>\n\t\t\t\t<\/div>\n\t\t\t\t<div class=\"elementor-element elementor-element-a4133df elementor-widget elementor-widget-text-editor\" data-id=\"a4133df\" data-element_type=\"widget\" data-widget_type=\"text-editor.default\">\n\t\t\t\t<div class=\"elementor-widget-container\">\n\t\t\t\t\t\t\t\t\t<p><strong>Extensian uusi osoite on 1.12.2025 alkaen Tuijussuontie 5, 21280 Raisio<\/strong><\/p>\t\t\t\t\t\t\t\t<\/div>\n\t\t\t\t<\/div>\n\t\t\t\t\t<\/div>\n\t\t\t\t<\/div>\n\t\t<div class=\"elementor-element elementor-element-8ea8c56 e-flex e-con-boxed e-con e-parent\" data-id=\"8ea8c56\" data-element_type=\"container\">\n\t\t\t\t\t<div class=\"e-con-inner\">\n\t\t\t\t<div class=\"elementor-element elementor-element-f8f6747 elementor-widget elementor-widget-image\" data-id=\"f8f6747\" data-element_type=\"widget\" data-widget_type=\"image.default\">\n\t\t\t\t<div class=\"elementor-widget-container\">\n\t\t\t\t\t\t\t\t\t\t\t\t\t\t\t<img fetchpriority=\"high\" decoding=\"async\" width=\"225\" height=\"300\" src=\"https:\/\/laurapalonen.fi\/wp-content\/uploads\/2025\/07\/IMG_20210925_161646-1-225x300.jpg\" class=\"attachment-medium size-medium wp-image-245\" alt=\"\" srcset=\"https:\/\/laurapalonen.fi\/wp-content\/uploads\/2025\/07\/IMG_20210925_161646-1-225x300.jpg 225w, https:\/\/laurapalonen.fi\/wp-content\/uploads\/2025\/07\/IMG_20210925_161646-1-768x1024.jpg 768w, https:\/\/laurapalonen.fi\/wp-content\/uploads\/2025\/07\/IMG_20210925_161646-1-1152x1536.jpg 1152w, https:\/\/laurapalonen.fi\/wp-content\/uploads\/2025\/07\/IMG_20210925_161646-1-1536x2048.jpg 1536w, https:\/\/laurapalonen.fi\/wp-content\/uploads\/2025\/07\/IMG_20210925_161646-1-scaled.jpg 1920w\" sizes=\"(max-width: 225px) 100vw, 225px\" \/>\t\t\t\t\t\t\t\t\t\t\t\t\t\t\t<\/div>\n\t\t\t\t<\/div>\n\t\t\t\t\t<\/div>\n\t\t\t\t<\/div>\n\t\t<div class=\"elementor-element elementor-element-4807567 e-flex e-con-boxed e-con e-parent\" data-id=\"4807567\" data-element_type=\"container\">\n\t\t\t\t\t<div class=\"e-con-inner\">\n\t\t\t\t<div class=\"elementor-element elementor-element-e2beac4 elementor-widget elementor-widget-text-editor\" data-id=\"e2beac4\" data-element_type=\"widget\" data-widget_type=\"text-editor.default\">\n\t\t\t\t<div class=\"elementor-widget-container\">\n\t\t\t\t\t\t\t\t\t<p>Hei ja tervetuloa sivuilleni. Olen Laura Palonen, kahden kouluik\u00e4isen lapsen \u00e4iti. Teen ty\u00f6t\u00e4 t\u00e4ydell\u00e4 syd\u00e4mell\u00e4, sinut hyv\u00e4ksyen ja lempe\u00e4sti vastaanottaen. Haluan auttaa sinua helpottamaan oloasi, arkeasi ja kulkemaan rinnallasi, kun etsit vastauksia. Vy\u00f6hyketerapian avulla voit saada helpotusta fyysisiin oireisiin sek\u00e4 vastauksia kysymyksiin Kuka olen ja mit\u00e4 haluan.<\/p><p>Aloitin Tunnevy\u00f6hyketerapiaopinnot vuonna 2016 oltuani 8 vuotta personal trainerina, auttanut ihmisi\u00e4 saavuttamaan fyysisi\u00e4 tavoitteitaan. Kuitenkin huomasin vet\u00e4v\u00e4ni puoleeni asiakkaita, jotka kaipasivat kuuntelijaa, sek\u00e4 fyysisien muutosten lis\u00e4ksi kaipasivat mielen tasapainoitusta. Hektinen arki, paine ty\u00f6ss\u00e4 ja perheen\/kodin py\u00f6ritys n\u00e4kyi ja n\u00e4kyy ihmisiss\u00e4 levottomuutena. Osa ei osaa pys\u00e4hty\u00e4. Vy\u00f6hyketerapian avulla ihmiset ovat l\u00f6yt\u00e4neet keinoja rauhoittua ja pys\u00e4hty\u00e4, fyysisiin ja mentaalisiin oireisiin selityksi\u00e4 ja helpotusta.\u00a0<\/p><p>Olen t\u00e4\u00e4ll\u00e4 sinua varten, kuljen rinnallasi, lempe\u00e4sti, ilman kiirett\u00e4.<\/p><p>Teen vy\u00f6hyketerapiaa Hyvinvointikeskus Extensiassa Raisiossa.<\/p><p>Ohjaan Twerki\u00e4 Garden Gymill\u00e4 (vuokraan heid\u00e4n salia) ja j\u00e4rjest\u00e4n Joogakursseja Raisiossa. Ohjaan Garden Gymill\u00e4 FasciaMethodia.<\/p><p>Yksityistunteja voit kysell\u00e4 s\u00e4hk\u00f6postitse laura@laurapalonen.fi.<\/p>\t\t\t\t\t\t\t\t<\/div>\n\t\t\t\t<\/div>\n\t\t\t\t<div class=\"elementor-element elementor-element-cdea5f8 elementor-widget elementor-widget-image\" data-id=\"cdea5f8\" data-element_type=\"widget\" data-widget_type=\"image.default\">\n\t\t\t\t<div class=\"elementor-widget-container\">\n\t\t\t\t\t\t\t\t\t\t\t\t\t\t\t<img decoding=\"async\" src=\"https:\/\/laurapalonen.fi\/wp-content\/uploads\/elementor\/thumbs\/IMG-20181014-WA0005-r73vaz0q9rirk45bdo4j5sgy80p5e3e7wzmhuq21s8.jpg\" title=\"IMG-20181014-WA0005\" alt=\"IMG-20181014-WA0005\" loading=\"lazy\" \/>\t\t\t\t\t\t\t\t\t\t\t\t\t\t\t<\/div>\n\t\t\t\t<\/div>\n\t\t\t\t<div class=\"elementor-element elementor-element-14dd3fd elementor-widget elementor-widget-image\" data-id=\"14dd3fd\" data-element_type=\"widget\" data-widget_type=\"image.default\">\n\t\t\t\t<div class=\"elementor-widget-container\">\n\t\t\t\t\t\t\t\t\t\t\t\t\t\t\t<img decoding=\"async\" src=\"https:\/\/laurapalonen.fi\/wp-content\/uploads\/elementor\/thumbs\/IMG_20190318_091907_882-r73us76rrvtlohf001zrv10j3z88npv7o2kdsrw420.jpg\" title=\"IMG_20190318_091907_882\" alt=\"IMG_20190318_091907_882\" loading=\"lazy\" \/>\t\t\t\t\t\t\t\t\t\t\t\t\t\t\t<\/div>\n\t\t\t\t<\/div>\n\t\t\t\t<div class=\"elementor-element elementor-element-b5c817d elementor-widget elementor-widget-image\" data-id=\"b5c817d\" data-element_type=\"widget\" data-widget_type=\"image.default\">\n\t\t\t\t<div class=\"elementor-widget-container\">\n\t\t\t\t\t\t\t\t\t\t\t\t\t\t\t<img decoding=\"async\" src=\"https:\/\/laurapalonen.fi\/wp-content\/uploads\/elementor\/thumbs\/IMG_20220828_152629-3-scaled-r9gnrnksm7ncdi7fen7uoy7etc17hh1coqwszu0ndk.jpg\" title=\"IMG_20220828_152629 (3)\" alt=\"IMG_20220828_152629 (3)\" loading=\"lazy\" \/>\t\t\t\t\t\t\t\t\t\t\t\t\t\t\t<\/div>\n\t\t\t\t<\/div>\n\t\t\t\t<div class=\"elementor-element elementor-element-1296290 elementor-align-center elementor-widget elementor-widget-button\" data-id=\"1296290\" data-element_type=\"widget\" data-widget_type=\"button.default\">\n\t\t\t\t<div class=\"elementor-widget-container\">\n\t\t\t\t\t\t\t\t\t<div class=\"elementor-button-wrapper\">\n\t\t\t\t\t<a class=\"elementor-button elementor-button-link elementor-size-sm\" href=\"https:\/\/booksalon.fi\/extensia-hyvinvointikeskus\">\n\t\t\t\t\t\t<span class=\"elementor-button-content-wrapper\">\n\t\t\t\t\t\t\t\t\t<span class=\"elementor-button-text\">Ajanvaraus vy\u00f6hyketerapiaan<\/span>\n\t\t\t\t\t<\/span>\n\t\t\t\t\t<\/a>\n\t\t\t\t<\/div>\n\t\t\t\t\t\t\t\t<\/div>\n\t\t\t\t<\/div>\n\t\t\t\t\t<\/div>\n\t\t\t\t<\/div>\n\t\t<div class=\"elementor-element elementor-element-1321cbd e-flex e-con-boxed e-con e-parent\" data-id=\"1321cbd\" data-element_type=\"container\">\n\t\t\t\t\t<div class=\"e-con-inner\">\n\t\t\t\t<div class=\"elementor-element elementor-element-57e245e elementor-align-center elementor-widget elementor-widget-button\" data-id=\"57e245e\" data-element_type=\"widget\" data-widget_type=\"button.default\">\n\t\t\t\t<div class=\"elementor-widget-container\">\n\t\t\t\t\t\t\t\t\t<div class=\"elementor-button-wrapper\">\n\t\t\t\t\t<a class=\"elementor-button elementor-button-link elementor-size-sm\" href=\"https:\/\/www.extensia.fi\/\">\n\t\t\t\t\t\t<span class=\"elementor-button-content-wrapper\">\n\t\t\t\t\t\t\t\t\t<span class=\"elementor-button-text\">Extensian  sivuille<\/span>\n\t\t\t\t\t<\/span>\n\t\t\t\t\t<\/a>\n\t\t\t\t<\/div>\n\t\t\t\t\t\t\t\t<\/div>\n\t\t\t\t<\/div>\n\t\t\t\t\t<\/div>\n\t\t\t\t<\/div>\n\t\t<div class=\"elementor-element elementor-element-8a7bbf9 e-flex e-con-boxed e-con e-parent\" data-id=\"8a7bbf9\" data-element_type=\"container\">\n\t\t\t\t\t<div class=\"e-con-inner\">\n\t\t\t\t<div class=\"elementor-element elementor-element-1ec5e38 elementor-align-center elementor-widget elementor-widget-button\" data-id=\"1ec5e38\" data-element_type=\"widget\" data-widget_type=\"button.default\">\n\t\t\t\t<div class=\"elementor-widget-container\">\n\t\t\t\t\t\t\t\t\t<div class=\"elementor-button-wrapper\">\n\t\t\t\t\t<a class=\"elementor-button elementor-button-link elementor-size-sm\" href=\"https:\/\/varaaheti.fi\/feelingme\">\n\t\t\t\t\t\t<span class=\"elementor-button-content-wrapper\">\n\t\t\t\t\t\t\t\t\t<span class=\"elementor-button-text\">Ajanvaraus jumpat<\/span>\n\t\t\t\t\t<\/span>\n\t\t\t\t\t<\/a>\n\t\t\t\t<\/div>\n\t\t\t\t\t\t\t\t<\/div>\n\t\t\t\t<\/div>\n\t\t\t\t\t<\/div>\n\t\t\t\t<\/div>\n\t\t\t\t<\/div>\n\t\t","protected":false},"excerpt":{"rendered":"<p>Lauran ulkojumpat Raisiossa on suunnitteilla kes\u00e4ksi 2026, vaikuta vastaamalla lyhyeen kyselyyn. Linkki alla. Aikaisempina vuosina olen ohjannut UlkoDancea, PuistoJoogaa ja Kes\u00e4Twerki\u00e4. Linkki ulkojumppakyselyyn Extensian uusi osoite on 1.12.2025 alkaen Tuijussuontie 5, 21280 Raisio Hei ja tervetuloa sivuilleni. Olen Laura Palonen, kahden kouluik\u00e4isen lapsen \u00e4iti. Teen ty\u00f6t\u00e4 t\u00e4ydell\u00e4 syd\u00e4mell\u00e4, sinut hyv\u00e4ksyen ja lempe\u00e4sti vastaanottaen. Haluan auttaa [&hellip;]<\/p>\n","protected":false},"author":1,"featured_media":0,"parent":0,"menu_order":0,"comment_status":"closed","ping_status":"closed","template":"","meta":{"footnotes":""},"class_list":["post-14","page","type-page","status-publish","hentry"],"yoast_head":"<!-- This site is optimized with the Yoast SEO plugin v26.4 - https:\/\/yoast.com\/wordpress\/plugins\/seo\/ -->\n<title>Etusivu - Laura Palonen - Feeling Me<\/title>\n<meta name=\"robots\" content=\"index, follow, max-snippet:-1, max-image-preview:large, max-video-preview:-1\" \/>\n<link rel=\"canonical\" href=\"https:\/\/laurapalonen.fi\/\" \/>\n<meta property=\"og:locale\" content=\"fi_FI\" \/>\n<meta property=\"og:type\" content=\"article\" \/>\n<meta property=\"og:title\" content=\"Etusivu - Laura Palonen - Feeling Me\" \/>\n<meta property=\"og:description\" content=\"Lauran ulkojumpat Raisiossa on suunnitteilla kes\u00e4ksi 2026, vaikuta vastaamalla lyhyeen kyselyyn. Linkki alla. Aikaisempina vuosina olen ohjannut UlkoDancea, PuistoJoogaa ja Kes\u00e4Twerki\u00e4. Linkki ulkojumppakyselyyn Extensian uusi osoite on 1.12.2025 alkaen Tuijussuontie 5, 21280 Raisio Hei ja tervetuloa sivuilleni. Olen Laura Palonen, kahden kouluik\u00e4isen lapsen \u00e4iti. Teen ty\u00f6t\u00e4 t\u00e4ydell\u00e4 syd\u00e4mell\u00e4, sinut hyv\u00e4ksyen ja lempe\u00e4sti vastaanottaen. Haluan auttaa [&hellip;]\" \/>\n<meta property=\"og:url\" content=\"https:\/\/laurapalonen.fi\/\" \/>\n<meta property=\"og:site_name\" content=\"Laura Palonen - Feeling Me\" \/>\n<meta property=\"article:modified_time\" content=\"2026-03-25T09:46:34+00:00\" \/>\n<meta property=\"og:image\" content=\"https:\/\/laurapalonen.fi\/wp-content\/uploads\/2025\/07\/IMG_20210925_161646-1-scaled.jpg\" \/>\n\t<meta property=\"og:image:width\" content=\"1920\" \/>\n\t<meta property=\"og:image:height\" content=\"2560\" \/>\n\t<meta property=\"og:image:type\" content=\"image\/jpeg\" \/>\n<meta name=\"twitter:card\" content=\"summary_large_image\" \/>\n<meta name=\"twitter:label1\" content=\"Arvioitu lukuaika\" \/>\n\t<meta name=\"twitter:data1\" content=\"2 minuuttia\" \/>\n<script type=\"application\/ld+json\" class=\"yoast-schema-graph\">{\"@context\":\"https:\/\/schema.org\",\"@graph\":[{\"@type\":\"WebPage\",\"@id\":\"https:\/\/laurapalonen.fi\/\",\"url\":\"https:\/\/laurapalonen.fi\/\",\"name\":\"Etusivu - Laura Palonen - Feeling Me\",\"isPartOf\":{\"@id\":\"https:\/\/laurapalonen.fi\/#website\"},\"primaryImageOfPage\":{\"@id\":\"https:\/\/laurapalonen.fi\/#primaryimage\"},\"image\":{\"@id\":\"https:\/\/laurapalonen.fi\/#primaryimage\"},\"thumbnailUrl\":\"https:\/\/laurapalonen.fi\/wp-content\/uploads\/2025\/07\/IMG_20210925_161646-1-225x300.jpg\",\"datePublished\":\"2025-05-10T16:53:28+00:00\",\"dateModified\":\"2026-03-25T09:46:34+00:00\",\"breadcrumb\":{\"@id\":\"https:\/\/laurapalonen.fi\/#breadcrumb\"},\"inLanguage\":\"fi\",\"potentialAction\":[{\"@type\":\"ReadAction\",\"target\":[\"https:\/\/laurapalonen.fi\/\"]}]},{\"@type\":\"ImageObject\",\"inLanguage\":\"fi\",\"@id\":\"https:\/\/laurapalonen.fi\/#primaryimage\",\"url\":\"https:\/\/laurapalonen.fi\/wp-content\/uploads\/2025\/07\/IMG_20210925_161646-1-scaled.jpg\",\"contentUrl\":\"https:\/\/laurapalonen.fi\/wp-content\/uploads\/2025\/07\/IMG_20210925_161646-1-scaled.jpg\",\"width\":1920,\"height\":2560},{\"@type\":\"BreadcrumbList\",\"@id\":\"https:\/\/laurapalonen.fi\/#breadcrumb\",\"itemListElement\":[{\"@type\":\"ListItem\",\"position\":1,\"name\":\"Home\",\"item\":\"https:\/\/laurapalonen.fi\/\"},{\"@type\":\"ListItem\",\"position\":2,\"name\":\"Etusivu\"}]},{\"@type\":\"WebSite\",\"@id\":\"https:\/\/laurapalonen.fi\/#website\",\"url\":\"https:\/\/laurapalonen.fi\/\",\"name\":\"Laura Palonen - Feeling Me\",\"description\":\"Tunnevy\u00f6hyketerapia, vy\u00f6hyketerapia, odottavan \u00e4idin monipuoliset palvelut | Varsinais-Suomi, Raisio\",\"publisher\":{\"@id\":\"https:\/\/laurapalonen.fi\/#organization\"},\"potentialAction\":[{\"@type\":\"SearchAction\",\"target\":{\"@type\":\"EntryPoint\",\"urlTemplate\":\"https:\/\/laurapalonen.fi\/?s={search_term_string}\"},\"query-input\":{\"@type\":\"PropertyValueSpecification\",\"valueRequired\":true,\"valueName\":\"search_term_string\"}}],\"inLanguage\":\"fi\"},{\"@type\":\"Organization\",\"@id\":\"https:\/\/laurapalonen.fi\/#organization\",\"name\":\"Laura Palonen - Feeling Me\",\"url\":\"https:\/\/laurapalonen.fi\/\",\"logo\":{\"@type\":\"ImageObject\",\"inLanguage\":\"fi\",\"@id\":\"https:\/\/laurapalonen.fi\/#\/schema\/logo\/image\/\",\"url\":\"https:\/\/laurapalonen.fi\/wp-content\/uploads\/2025\/05\/cropped-Laura-Palonen-Feeling-Me-taustaton-kapea-musta-scaled-1.png\",\"contentUrl\":\"https:\/\/laurapalonen.fi\/wp-content\/uploads\/2025\/05\/cropped-Laura-Palonen-Feeling-Me-taustaton-kapea-musta-scaled-1.png\",\"width\":2560,\"height\":669,\"caption\":\"Laura Palonen - Feeling Me\"},\"image\":{\"@id\":\"https:\/\/laurapalonen.fi\/#\/schema\/logo\/image\/\"}}]}<\/script>\n<!-- \/ Yoast SEO plugin. -->","yoast_head_json":{"title":"Etusivu - Laura Palonen - Feeling Me","robots":{"index":"index","follow":"follow","max-snippet":"max-snippet:-1","max-image-preview":"max-image-preview:large","max-video-preview":"max-video-preview:-1"},"canonical":"https:\/\/laurapalonen.fi\/","og_locale":"fi_FI","og_type":"article","og_title":"Etusivu - Laura Palonen - Feeling Me","og_description":"Lauran ulkojumpat Raisiossa on suunnitteilla kes\u00e4ksi 2026, vaikuta vastaamalla lyhyeen kyselyyn. Linkki alla. Aikaisempina vuosina olen ohjannut UlkoDancea, PuistoJoogaa ja Kes\u00e4Twerki\u00e4. Linkki ulkojumppakyselyyn Extensian uusi osoite on 1.12.2025 alkaen Tuijussuontie 5, 21280 Raisio Hei ja tervetuloa sivuilleni. Olen Laura Palonen, kahden kouluik\u00e4isen lapsen \u00e4iti. Teen ty\u00f6t\u00e4 t\u00e4ydell\u00e4 syd\u00e4mell\u00e4, sinut hyv\u00e4ksyen ja lempe\u00e4sti vastaanottaen. Haluan auttaa [&hellip;]","og_url":"https:\/\/laurapalonen.fi\/","og_site_name":"Laura Palonen - Feeling Me","article_modified_time":"2026-03-25T09:46:34+00:00","og_image":[{"width":1920,"height":2560,"url":"https:\/\/laurapalonen.fi\/wp-content\/uploads\/2025\/07\/IMG_20210925_161646-1-scaled.jpg","type":"image\/jpeg"}],"twitter_card":"summary_large_image","twitter_misc":{"Arvioitu lukuaika":"2 minuuttia"},"schema":{"@context":"https:\/\/schema.org","@graph":[{"@type":"WebPage","@id":"https:\/\/laurapalonen.fi\/","url":"https:\/\/laurapalonen.fi\/","name":"Etusivu - Laura Palonen - Feeling Me","isPartOf":{"@id":"https:\/\/laurapalonen.fi\/#website"},"primaryImageOfPage":{"@id":"https:\/\/laurapalonen.fi\/#primaryimage"},"image":{"@id":"https:\/\/laurapalonen.fi\/#primaryimage"},"thumbnailUrl":"https:\/\/laurapalonen.fi\/wp-content\/uploads\/2025\/07\/IMG_20210925_161646-1-225x300.jpg","datePublished":"2025-05-10T16:53:28+00:00","dateModified":"2026-03-25T09:46:34+00:00","breadcrumb":{"@id":"https:\/\/laurapalonen.fi\/#breadcrumb"},"inLanguage":"fi","potentialAction":[{"@type":"ReadAction","target":["https:\/\/laurapalonen.fi\/"]}]},{"@type":"ImageObject","inLanguage":"fi","@id":"https:\/\/laurapalonen.fi\/#primaryimage","url":"https:\/\/laurapalonen.fi\/wp-content\/uploads\/2025\/07\/IMG_20210925_161646-1-scaled.jpg","contentUrl":"https:\/\/laurapalonen.fi\/wp-content\/uploads\/2025\/07\/IMG_20210925_161646-1-scaled.jpg","width":1920,"height":2560},{"@type":"BreadcrumbList","@id":"https:\/\/laurapalonen.fi\/#breadcrumb","itemListElement":[{"@type":"ListItem","position":1,"name":"Home","item":"https:\/\/laurapalonen.fi\/"},{"@type":"ListItem","position":2,"name":"Etusivu"}]},{"@type":"WebSite","@id":"https:\/\/laurapalonen.fi\/#website","url":"https:\/\/laurapalonen.fi\/","name":"Laura Palonen - Feeling Me","description":"Tunnevy\u00f6hyketerapia, vy\u00f6hyketerapia, odottavan \u00e4idin monipuoliset palvelut | Varsinais-Suomi, Raisio","publisher":{"@id":"https:\/\/laurapalonen.fi\/#organization"},"potentialAction":[{"@type":"SearchAction","target":{"@type":"EntryPoint","urlTemplate":"https:\/\/laurapalonen.fi\/?s={search_term_string}"},"query-input":{"@type":"PropertyValueSpecification","valueRequired":true,"valueName":"search_term_string"}}],"inLanguage":"fi"},{"@type":"Organization","@id":"https:\/\/laurapalonen.fi\/#organization","name":"Laura Palonen - Feeling Me","url":"https:\/\/laurapalonen.fi\/","logo":{"@type":"ImageObject","inLanguage":"fi","@id":"https:\/\/laurapalonen.fi\/#\/schema\/logo\/image\/","url":"https:\/\/laurapalonen.fi\/wp-content\/uploads\/2025\/05\/cropped-Laura-Palonen-Feeling-Me-taustaton-kapea-musta-scaled-1.png","contentUrl":"https:\/\/laurapalonen.fi\/wp-content\/uploads\/2025\/05\/cropped-Laura-Palonen-Feeling-Me-taustaton-kapea-musta-scaled-1.png","width":2560,"height":669,"caption":"Laura Palonen - Feeling Me"},"image":{"@id":"https:\/\/laurapalonen.fi\/#\/schema\/logo\/image\/"}}]}},"_links":{"self":[{"href":"https:\/\/laurapalonen.fi\/index.php\/wp-json\/wp\/v2\/pages\/14","targetHints":{"allow":["GET"]}}],"collection":[{"href":"https:\/\/laurapalonen.fi\/index.php\/wp-json\/wp\/v2\/pages"}],"about":[{"href":"https:\/\/laurapalonen.fi\/index.php\/wp-json\/wp\/v2\/types\/page"}],"author":[{"embeddable":true,"href":"https:\/\/laurapalonen.fi\/index.php\/wp-json\/wp\/v2\/users\/1"}],"replies":[{"embeddable":true,"href":"https:\/\/laurapalonen.fi\/index.php\/wp-json\/wp\/v2\/comments?post=14"}],"version-history":[{"count":71,"href":"https:\/\/laurapalonen.fi\/index.php\/wp-json\/wp\/v2\/pages\/14\/revisions"}],"predecessor-version":[{"id":523,"href":"https:\/\/laurapalonen.fi\/index.php\/wp-json\/wp\/v2\/pages\/14\/revisions\/523"}],"wp:attachment":[{"href":"https:\/\/laurapalonen.fi\/index.php\/wp-json\/wp\/v2\/media?parent=14"}],"curies":[{"name":"wp","href":"https:\/\/api.w.org\/{rel}","templated":true}]}}